{"id":1993043,"date":"2022-01-24T16:08:59","date_gmt":"2022-01-24T15:08:59","guid":{"rendered":"https:\/\/de.tilta.com\/shop\/tilta-canon-rf-mount-to-pl-mount-adapter-with-adjustable-back-focus\/"},"modified":"2026-04-16T03:58:08","modified_gmt":"2026-04-16T01:58:08","slug":"tiltaing-canon-rf-mount-to-pl-mount-adapter-with-adjustable-back-focus","status":"publish","type":"product","link":"https:\/\/eu.tilta.com\/fr\/shop\/tiltaing-canon-rf-mount-to-pl-mount-adapter-with-adjustable-back-focus\/","title":{"rendered":"Tilta Canon RF Mount to PL Mount Adapter with Adjustable Back Focus"},"content":{"rendered":"<p>Cet adaptateur de monture RF \u00e0 monture PL de Canon permet aux utilisateurs de monter des objectifs \u00e0 monture PL sur des bo\u00eetiers d&#8217;appareils photo \u00e0 monture RF de Canon et d&#8217;ajuster la mise au point arri\u00e8re pour s&#8217;adapter \u00e0 diff\u00e9rents capteurs gr\u00e2ce \u00e0 un outil d&#8217;ajustement inclus.<\/p>\n<p>Cette monture PL offre la m\u00eame connexion standard incroyablement s\u00e9curis\u00e9e que notre version pr\u00e9c\u00e9dente et permet aux utilisateurs de monter la plupart des objectifs cin\u00e9ma haut de gamme sur leur RED Komodo, Canon R5\/R5C ou tout autre bo\u00eetier de cam\u00e9ra \u00e0 monture RF.<\/p>\n<p>L&#8217;outil de r\u00e9glage de la mise au point arri\u00e8re inclus vous permet d&#8217;ajuster facilement la mise au point arri\u00e8re sur cet adaptateur, vous assurant d&#8217;obtenir l&#8217;image la plus nette possible sur n&#8217;importe quel capteur \u00e0 monture RF.<\/p>\n<p>Les rep\u00e8res sur l&#8217;outil de r\u00e9glage permettent de modifier rapidement la mise au point arri\u00e8re pour diff\u00e9rents bo\u00eetiers d&#8217;appareils photo, une fois que vous avez trouv\u00e9 la mise au point arri\u00e8re parfaite pour diff\u00e9rents capteurs.<\/p>\n<p>La conception ARRI Positive Lock permet une connexion rapide et s\u00e9curis\u00e9e, ce qui permet de gagner du temps sur le plateau et d&#8217;accro\u00eetre l&#8217;assurance.<\/p>\n<p>Le filetage 1\/4\u2033-20 au bas de cet adaptateur est compatible avec nos supports d&#8217;adaptateurs optionnels pour diff\u00e9rentes cages d&#8217;appareil photo.<\/p>\n<p>Cela cr\u00e9e un point de contact suppl\u00e9mentaire entre l&#8217;adaptateur et la cage de votre appareil photo afin d&#8217;assurer une connexion solide entre l&#8217;objectif et le bo\u00eetier de l&#8217;appareil photo.<\/p>\n<p>Ceci est particuli\u00e8rement utile lorsque vous utilisez des objectifs plus lourds ou des moteurs de suivi de la mise au point sans fil.<\/p>\n<p>Un capuchon de port PL personnalis\u00e9 est \u00e9galement inclus dans ce kit.<\/p>\n","protected":false},"excerpt":{"rendered":"<p>Cet adaptateur de monture RF \u00e0 monture PL de Canon permet aux utilisateurs de monter des objectifs \u00e0 monture PL sur des bo\u00eetiers d&#8217;appareils photo \u00e0 monture RF de Canon et d&#8217;ajuster la mise au point arri\u00e8re pour s&#8217;adapter \u00e0 [&hellip;]<\/p>\n","protected":false},"featured_media":1993046,"comment_status":"closed","ping_status":"closed","template":"","meta":[],"product_cat":[1732,1706,1768,3147,1723,1655,2284],"product_tag":[],"acf":[],"gallery_images":[1993048,1993050],"_links":{"self":[{"href":"https:\/\/eu.tilta.com\/fr\/wp-json\/wp\/v2\/product\/1993043"}],"collection":[{"href":"https:\/\/eu.tilta.com\/fr\/wp-json\/wp\/v2\/product"}],"about":[{"href":"https:\/\/eu.tilta.com\/fr\/wp-json\/wp\/v2\/types\/product"}],"replies":[{"embeddable":true,"href":"https:\/\/eu.tilta.com\/fr\/wp-json\/wp\/v2\/comments?post=1993043"}],"wp:featuredmedia":[{"embeddable":true,"href":"https:\/\/eu.tilta.com\/fr\/wp-json\/wp\/v2\/media\/1993046"}],"wp:attachment":[{"href":"https:\/\/eu.tilta.com\/fr\/wp-json\/wp\/v2\/media?parent=1993043"}],"wp:term":[{"taxonomy":"product_cat","embeddable":true,"href":"https:\/\/eu.tilta.com\/fr\/wp-json\/wp\/v2\/product_cat?post=1993043"},{"taxonomy":"product_tag","embeddable":true,"href":"https:\/\/eu.tilta.com\/fr\/wp-json\/wp\/v2\/product_tag?post=1993043"}],"curies":[{"name":"wp","href":"https:\/\/api.w.org\/{rel}","templated":true}]}}