{"id":1993084,"date":"2022-01-13T08:49:58","date_gmt":"2022-01-13T07:49:58","guid":{"rendered":"https:\/\/de.tilta.com\/shop\/top-handle-extension-for-red-v-raptor-komodo-x\/"},"modified":"2025-12-05T12:54:13","modified_gmt":"2025-12-05T11:54:13","slug":"top-handle-extension-for-red-v-raptor","status":"publish","type":"product","link":"https:\/\/eu.tilta.com\/fr\/shop\/top-handle-extension-for-red-v-raptor\/","title":{"rendered":"Top Handle Extension for RED V-RAPTOR \/ KOMODO-X"},"content":{"rendered":"<p>Cet accessoire d&#8217;extension pour RED V-RAPTOR vous permet d&#8217;\u00e9tendre votre poign\u00e9e sup\u00e9rieure, ce qui offre des points de fixation suppl\u00e9mentaires et une plus grande flexibilit\u00e9 lors de la manipulation.<\/p>\n<p>Cette extension comprend une section amovible qui permet d&#8217;allonger la poign\u00e9e si n\u00e9cessaire pour accueillir des batteries plus volumineuses.<\/p>\n<p>La conception incurv\u00e9e de cette extension de poign\u00e9e est une excellente option pour \u00e9largir les possibilit\u00e9s d&#8217;utilisation de l&#8217;appareil photo, en particulier \u00e0 des angles plus faibles.<\/p>\n","protected":false},"excerpt":{"rendered":"<p>Cet accessoire d&#8217;extension pour RED V-RAPTOR vous permet d&#8217;\u00e9tendre votre poign\u00e9e sup\u00e9rieure, ce qui offre des points de fixation suppl\u00e9mentaires et une plus grande flexibilit\u00e9 lors de la manipulation. Cette extension comprend une section amovible qui permet d&#8217;allonger la poign\u00e9e [&hellip;]<\/p>\n","protected":false},"featured_media":1993128,"comment_status":"closed","ping_status":"closed","template":"","meta":[],"product_cat":[3233,1882,1768,1723,2173],"product_tag":[],"acf":[],"gallery_images":[1993129],"_links":{"self":[{"href":"https:\/\/eu.tilta.com\/fr\/wp-json\/wp\/v2\/product\/1993084"}],"collection":[{"href":"https:\/\/eu.tilta.com\/fr\/wp-json\/wp\/v2\/product"}],"about":[{"href":"https:\/\/eu.tilta.com\/fr\/wp-json\/wp\/v2\/types\/product"}],"replies":[{"embeddable":true,"href":"https:\/\/eu.tilta.com\/fr\/wp-json\/wp\/v2\/comments?post=1993084"}],"wp:featuredmedia":[{"embeddable":true,"href":"https:\/\/eu.tilta.com\/fr\/wp-json\/wp\/v2\/media\/1993128"}],"wp:attachment":[{"href":"https:\/\/eu.tilta.com\/fr\/wp-json\/wp\/v2\/media?parent=1993084"}],"wp:term":[{"taxonomy":"product_cat","embeddable":true,"href":"https:\/\/eu.tilta.com\/fr\/wp-json\/wp\/v2\/product_cat?post=1993084"},{"taxonomy":"product_tag","embeddable":true,"href":"https:\/\/eu.tilta.com\/fr\/wp-json\/wp\/v2\/product_tag?post=1993084"}],"curies":[{"name":"wp","href":"https:\/\/api.w.org\/{rel}","templated":true}]}}