{"id":1993132,"date":"2022-01-13T08:46:59","date_gmt":"2022-01-13T07:46:59","guid":{"rendered":"https:\/\/de.tilta.com\/shop\/support-de-canne-a-peche-simple-cote-gauche-pour-red-v-raptor\/"},"modified":"2026-02-16T09:00:33","modified_gmt":"2026-02-16T08:00:33","slug":"left-side-single-rod-holder-for-red-v-raptor","status":"publish","type":"product","link":"https:\/\/eu.tilta.com\/fr\/shop\/left-side-single-rod-holder-for-red-v-raptor\/","title":{"rendered":"Support de canne \u00e0 p\u00eache simple c\u00f4t\u00e9 gauche pour RED V-RAPTOR"},"content":{"rendered":"<p>Ce support de canne \u00e0 p\u00eache simple c\u00f4t\u00e9 gauche se monte sur le c\u00f4t\u00e9 de la cage de cam\u00e9ra compl\u00e8te pour RED V-RAPTOR.<\/p>\n<p>Il vous permet de fixer une seule tige de 15 mm sur le c\u00f4t\u00e9 de l&#8217;appareil photo pour attacher des accessoires \u00e0 tige comme les moteurs de suivi de la mise au point sans fil.<\/p>\n<p>Le faible encombrement de ce support de tige en fait une option l\u00e9g\u00e8re fantastique pour fixer une tige de 15 mm \u00e0 votre syst\u00e8me sans utiliser de plaque de base traditionnelle.<\/p>\n<p>Il s&#8217;agit donc de la solution id\u00e9ale pour les constructions l\u00e9g\u00e8res et compactes, par exemple lors de l&#8217;utilisation de cardans ou de prises de vue \u00e0 main lev\u00e9e.<\/p>\n","protected":false},"excerpt":{"rendered":"<p>Ce support de canne \u00e0 p\u00eache simple c\u00f4t\u00e9 gauche se monte sur le c\u00f4t\u00e9 de la cage de cam\u00e9ra compl\u00e8te pour RED V-RAPTOR. Il vous permet de fixer une seule tige de 15 mm sur le c\u00f4t\u00e9 de l&#8217;appareil photo [&hellip;]<\/p>\n","protected":false},"featured_media":1993133,"comment_status":"closed","ping_status":"closed","template":"","meta":[],"product_cat":[4448,1723,3147,2418],"product_tag":[],"acf":[],"gallery_images":[1993135],"_links":{"self":[{"href":"https:\/\/eu.tilta.com\/fr\/wp-json\/wp\/v2\/product\/1993132"}],"collection":[{"href":"https:\/\/eu.tilta.com\/fr\/wp-json\/wp\/v2\/product"}],"about":[{"href":"https:\/\/eu.tilta.com\/fr\/wp-json\/wp\/v2\/types\/product"}],"replies":[{"embeddable":true,"href":"https:\/\/eu.tilta.com\/fr\/wp-json\/wp\/v2\/comments?post=1993132"}],"wp:featuredmedia":[{"embeddable":true,"href":"https:\/\/eu.tilta.com\/fr\/wp-json\/wp\/v2\/media\/1993133"}],"wp:attachment":[{"href":"https:\/\/eu.tilta.com\/fr\/wp-json\/wp\/v2\/media?parent=1993132"}],"wp:term":[{"taxonomy":"product_cat","embeddable":true,"href":"https:\/\/eu.tilta.com\/fr\/wp-json\/wp\/v2\/product_cat?post=1993132"},{"taxonomy":"product_tag","embeddable":true,"href":"https:\/\/eu.tilta.com\/fr\/wp-json\/wp\/v2\/product_tag?post=1993132"}],"curies":[{"name":"wp","href":"https:\/\/api.w.org\/{rel}","templated":true}]}}