{"id":1993179,"date":"2022-01-13T08:56:32","date_gmt":"2022-01-13T07:56:32","guid":{"rendered":"https:\/\/de.tilta.com\/shop\/advanced-i-o-module-for-red-v-raptor-komodo-x\/"},"modified":"2025-12-05T12:54:40","modified_gmt":"2025-12-05T11:54:40","slug":"advanced-i-o-module-for-red-v-raptor","status":"publish","type":"product","link":"https:\/\/eu.tilta.com\/fr\/shop\/advanced-i-o-module-for-red-v-raptor\/","title":{"rendered":"Advanced I\/O Module for RED V-RAPTOR \/ KOMODO-X"},"content":{"rendered":"<p>Ce module E\/S avanc\u00e9 utilise un c\u00e2ble V-RAPTOR EXT int\u00e9gr\u00e9 qui \u00e9tend la communication avec le bo\u00eetier de la cam\u00e9ra et offre une fonctionnalit\u00e9 accrue pour le Run Stop et le Timecode via des ports suppl\u00e9mentaires.<\/p>\n<p>Ce module peut \u00eatre mont\u00e9 \u00e0 diff\u00e9rents endroits de la cage de la cam\u00e9ra V-Raptor, y compris la poign\u00e9e sup\u00e9rieure, la plaque sup\u00e9rieure, la plaque de montage inf\u00e9rieure ou la fente int\u00e9gr\u00e9e sur la plaque de batterie qui peut alimenter et supporter le module.<\/p>\n<p>Lorsque le module est mont\u00e9 dans des endroits autres que la plaque de batterie, il peut \u00eatre aliment\u00e9 par une entr\u00e9e Lemo \u00e0 2 broches.<\/p>\n<p>Cela permet \u00e0 ce module d&#8217;\u00eatre incroyablement polyvalent en termes d&#8217;emplacement et de mode de montage pour s&#8217;adapter \u00e0 presque tous les types d&#8217;appareils photo.<\/p>\n<p>Ce module comprend un port R\/S Fischer \u00e0 3 broches qui permet aux utilisateurs de d\u00e9clencher le Run Stop et d&#8217;alimenter un Nucleus M \u00e0 l&#8217;aide d&#8217;un seul c\u00e2ble via un c\u00e2ble de Run Stop Fischer \u00e0 3 broches en option.<\/p>\n<p>Le module comprend les ports suivants :<br \/>\n(1) Entr\u00e9e\/sortie 14,8V 2 broches LEMO<br \/>\n(1) Port R\/S Fischer \u00e0 3 broches<br \/>\n(1) Port Timecode<br \/>\n(1) Port CTRL rouge<br \/>\n(1) Port Genlock<\/p>\n","protected":false},"excerpt":{"rendered":"<p>Ce module E\/S avanc\u00e9 utilise un c\u00e2ble V-RAPTOR EXT int\u00e9gr\u00e9 qui \u00e9tend la communication avec le bo\u00eetier de la cam\u00e9ra et offre une fonctionnalit\u00e9 accrue pour le Run Stop et le Timecode via des ports suppl\u00e9mentaires. Ce module peut \u00eatre [&hellip;]<\/p>\n","protected":false},"featured_media":1993204,"comment_status":"closed","ping_status":"closed","template":"","meta":[],"product_cat":[1768,1723,3147],"product_tag":[],"acf":[],"gallery_images":[1993205,1993206,1993207],"_links":{"self":[{"href":"https:\/\/eu.tilta.com\/fr\/wp-json\/wp\/v2\/product\/1993179"}],"collection":[{"href":"https:\/\/eu.tilta.com\/fr\/wp-json\/wp\/v2\/product"}],"about":[{"href":"https:\/\/eu.tilta.com\/fr\/wp-json\/wp\/v2\/types\/product"}],"replies":[{"embeddable":true,"href":"https:\/\/eu.tilta.com\/fr\/wp-json\/wp\/v2\/comments?post=1993179"}],"wp:featuredmedia":[{"embeddable":true,"href":"https:\/\/eu.tilta.com\/fr\/wp-json\/wp\/v2\/media\/1993204"}],"wp:attachment":[{"href":"https:\/\/eu.tilta.com\/fr\/wp-json\/wp\/v2\/media?parent=1993179"}],"wp:term":[{"taxonomy":"product_cat","embeddable":true,"href":"https:\/\/eu.tilta.com\/fr\/wp-json\/wp\/v2\/product_cat?post=1993179"},{"taxonomy":"product_tag","embeddable":true,"href":"https:\/\/eu.tilta.com\/fr\/wp-json\/wp\/v2\/product_tag?post=1993179"}],"curies":[{"name":"wp","href":"https:\/\/api.w.org\/{rel}","templated":true}]}}