{"id":1993225,"date":"2022-01-13T08:54:49","date_gmt":"2022-01-13T07:54:49","guid":{"rendered":"https:\/\/de.tilta.com\/shop\/top-handle-for-red-v-raptor\/"},"modified":"2026-05-08T15:06:51","modified_gmt":"2026-05-08T13:06:51","slug":"top-handle-for-red-v-raptor","status":"publish","type":"product","link":"https:\/\/eu.tilta.com\/fr\/shop\/top-handle-for-red-v-raptor\/","title":{"rendered":"Top Handle for RED V-RAPTOR"},"content":{"rendered":"<p>Cette poign\u00e9e sup\u00e9rieure se fixe \u00e0 la fois \u00e0 la plaque sup\u00e9rieure et \u00e0 la plaque sup\u00e9rieure avant du RED V-RAPTOR, ce qui cr\u00e9e un point de contact s\u00fbr pour la manipulation et l&#8217;utilisation de votre cam\u00e9ra, tout en fournissant des points de montage suppl\u00e9mentaires pour les accessoires.<\/p>\n<p>Cette poign\u00e9e sup\u00e9rieure comporte des points de montage 1\/4&#8243;-20 et 3\/8&#8243;-16 avec des goupilles de positionnement ainsi qu&#8217;un r\u00e9cepteur de sabot froid.<\/p>\n<p>Cette poign\u00e9e se monte sur nos plaques sup\u00e9rieures \u00e0 l&#8217;aide de quatre vis \u00bc&#8221;-20 pour une meilleure s\u00e9curit\u00e9, en particulier lors de la prise en charge de cam\u00e9ras plus lourdes.<\/p>\n<p>Cette poign\u00e9e peut \u00e9galement \u00eatre d\u00e9compos\u00e9e en une configuration plus compacte qui ne n\u00e9cessite que la plaque sup\u00e9rieure avant pour le montage afin de mieux s&#8217;adapter aux cam\u00e9ras l\u00e9g\u00e8res.<\/p>\n<p>Le nouveau support de tige de 15 mm vous permet de monter une seule tige de 15 mm parall\u00e8lement ou perpendiculairement \u00e0 la poign\u00e9e sup\u00e9rieure, ce qui offre une plus grande flexibilit\u00e9 lors du montage de viseurs \u00e9lectroniques ou de moniteurs externes.<\/p>\n","protected":false},"excerpt":{"rendered":"<p>Cette poign\u00e9e sup\u00e9rieure se fixe \u00e0 la fois \u00e0 la plaque sup\u00e9rieure et \u00e0 la plaque sup\u00e9rieure avant du RED V-RAPTOR, ce qui cr\u00e9e un point de contact s\u00fbr pour la manipulation et l&#8217;utilisation de votre cam\u00e9ra, tout en fournissant [&hellip;]<\/p>\n","protected":false},"featured_media":1993250,"comment_status":"closed","ping_status":"closed","template":"","meta":[],"product_cat":[1723,3147,2173],"product_tag":[],"acf":[],"gallery_images":[1993251,1993253],"_links":{"self":[{"href":"https:\/\/eu.tilta.com\/fr\/wp-json\/wp\/v2\/product\/1993225"}],"collection":[{"href":"https:\/\/eu.tilta.com\/fr\/wp-json\/wp\/v2\/product"}],"about":[{"href":"https:\/\/eu.tilta.com\/fr\/wp-json\/wp\/v2\/types\/product"}],"replies":[{"embeddable":true,"href":"https:\/\/eu.tilta.com\/fr\/wp-json\/wp\/v2\/comments?post=1993225"}],"wp:featuredmedia":[{"embeddable":true,"href":"https:\/\/eu.tilta.com\/fr\/wp-json\/wp\/v2\/media\/1993250"}],"wp:attachment":[{"href":"https:\/\/eu.tilta.com\/fr\/wp-json\/wp\/v2\/media?parent=1993225"}],"wp:term":[{"taxonomy":"product_cat","embeddable":true,"href":"https:\/\/eu.tilta.com\/fr\/wp-json\/wp\/v2\/product_cat?post=1993225"},{"taxonomy":"product_tag","embeddable":true,"href":"https:\/\/eu.tilta.com\/fr\/wp-json\/wp\/v2\/product_tag?post=1993225"}],"curies":[{"name":"wp","href":"https:\/\/api.w.org\/{rel}","templated":true}]}}