{"id":1993330,"date":"2022-01-13T08:45:39","date_gmt":"2022-01-13T07:45:39","guid":{"rendered":"https:\/\/de.tilta.com\/shop\/15mm-lws-baseplate-for-red-v-raptor\/"},"modified":"2025-12-12T17:05:37","modified_gmt":"2025-12-12T16:05:37","slug":"15mm-lws-baseplate-for-red-v-raptor","status":"publish","type":"product","link":"https:\/\/eu.tilta.com\/fr\/shop\/15mm-lws-baseplate-for-red-v-raptor\/","title":{"rendered":"15mm LWS Baseplate for RED V-RAPTOR"},"content":{"rendered":"<p>Cette plaque de base LWS de 15 mm ajoute un support de tige de 15 mm \u00e0 votre RED V-RAPTOR, ce qui vous permet d&#8217;utiliser des accessoires \u00e0 tige tels que des matte boxes et des syst\u00e8mes de follow focus.<\/p>\n<p>Cette plaque de base se connecte nativement \u00e0 notre cage de cam\u00e9ra compl\u00e8te pour RED V-RAPTOR et dispose d&#8217;une connexion \u00e0 d\u00e9gagement rapide qui vous permet de d\u00e9tacher facilement votre cam\u00e9ra de cette plaque de base lorsque cela est n\u00e9cessaire.<\/p>\n<p>La goupille de s\u00e9curit\u00e9 int\u00e9gr\u00e9e permet de verrouiller la cage en place et offre une s\u00e9curit\u00e9 suppl\u00e9mentaire pour s&#8217;assurer que votre appareil photo reste bien connect\u00e9 \u00e0 cette plaque de base.<\/p>\n<p>Sous cette plaque de base, vous trouverez un r\u00e9cepteur qui se connecte nativement \u00e0 nos queues d&#8217;aronde Tilta Standard ou ARRI Standard via notre plaque de base multifonctionnelle optionnelle Tilta Standard vers Arri Standard.<\/p>\n<p>Cette plaque de base peut \u00e9galement \u00eatre mont\u00e9e sur des plaques de fixation rapide tierces via des filetages 1\/4\u2033-20 et 3\/8\u2033-16.<\/p>\n","protected":false},"excerpt":{"rendered":"<p>Cette plaque de base LWS de 15 mm ajoute un support de tige de 15 mm \u00e0 votre RED V-RAPTOR, ce qui vous permet d&#8217;utiliser des accessoires \u00e0 tige tels que des matte boxes et des syst\u00e8mes de follow focus. [&hellip;]<\/p>\n","protected":false},"featured_media":1993333,"comment_status":"closed","ping_status":"closed","template":"","meta":[],"product_cat":[1723,3147,2022],"product_tag":[],"acf":[],"gallery_images":[1993334,1993335,1993336],"_links":{"self":[{"href":"https:\/\/eu.tilta.com\/fr\/wp-json\/wp\/v2\/product\/1993330"}],"collection":[{"href":"https:\/\/eu.tilta.com\/fr\/wp-json\/wp\/v2\/product"}],"about":[{"href":"https:\/\/eu.tilta.com\/fr\/wp-json\/wp\/v2\/types\/product"}],"replies":[{"embeddable":true,"href":"https:\/\/eu.tilta.com\/fr\/wp-json\/wp\/v2\/comments?post=1993330"}],"wp:featuredmedia":[{"embeddable":true,"href":"https:\/\/eu.tilta.com\/fr\/wp-json\/wp\/v2\/media\/1993333"}],"wp:attachment":[{"href":"https:\/\/eu.tilta.com\/fr\/wp-json\/wp\/v2\/media?parent=1993330"}],"wp:term":[{"taxonomy":"product_cat","embeddable":true,"href":"https:\/\/eu.tilta.com\/fr\/wp-json\/wp\/v2\/product_cat?post=1993330"},{"taxonomy":"product_tag","embeddable":true,"href":"https:\/\/eu.tilta.com\/fr\/wp-json\/wp\/v2\/product_tag?post=1993330"}],"curies":[{"name":"wp","href":"https:\/\/api.w.org\/{rel}","templated":true}]}}