{"id":1993409,"date":"2022-01-13T08:43:34","date_gmt":"2022-01-13T07:43:34","guid":{"rendered":"https:\/\/de.tilta.com\/shop\/plaque-de-montage-inferieure-pour-red-v-raptor\/"},"modified":"2025-12-05T12:54:47","modified_gmt":"2025-12-05T11:54:47","slug":"bottom-mounting-plate-for-red-v-raptor","status":"publish","type":"product","link":"https:\/\/eu.tilta.com\/fr\/shop\/bottom-mounting-plate-for-red-v-raptor\/","title":{"rendered":"Plaque de montage inf\u00e9rieure pour RED V-RAPTOR"},"content":{"rendered":"<p>Cette plaque de montage se fixe pr\u00e8s du bas de la cage de la cam\u00e9ra compl\u00e8te pour le RED V-RAPTOR.<\/p>\n<p>Il offre quelques points de montage \u00bc&#8221;-20 suppl\u00e9mentaires avec des broches de positionnement et sert d&#8217;emplacement alternatif pour monter le module d&#8217;E\/S avanc\u00e9.<\/p>\n<p><strong>REMARQUE<\/strong>: l <strong>&#8216;acc\u00e8s \u00e0 la porte du m\u00e9dia sera limit\u00e9 si vous utilisez cette plaque<\/strong>.<\/p>\n","protected":false},"excerpt":{"rendered":"<p>Cette plaque de montage se fixe pr\u00e8s du bas de la cage de la cam\u00e9ra compl\u00e8te pour le RED V-RAPTOR. Il offre quelques points de montage \u00bc&#8221;-20 suppl\u00e9mentaires avec des broches de positionnement et sert d&#8217;emplacement alternatif pour monter le [&hellip;]<\/p>\n","protected":false},"featured_media":1993410,"comment_status":"closed","ping_status":"closed","template":"","meta":[],"product_cat":[1723,3147],"product_tag":[],"acf":[],"gallery_images":[1993411,1993412],"_links":{"self":[{"href":"https:\/\/eu.tilta.com\/fr\/wp-json\/wp\/v2\/product\/1993409"}],"collection":[{"href":"https:\/\/eu.tilta.com\/fr\/wp-json\/wp\/v2\/product"}],"about":[{"href":"https:\/\/eu.tilta.com\/fr\/wp-json\/wp\/v2\/types\/product"}],"replies":[{"embeddable":true,"href":"https:\/\/eu.tilta.com\/fr\/wp-json\/wp\/v2\/comments?post=1993409"}],"wp:featuredmedia":[{"embeddable":true,"href":"https:\/\/eu.tilta.com\/fr\/wp-json\/wp\/v2\/media\/1993410"}],"wp:attachment":[{"href":"https:\/\/eu.tilta.com\/fr\/wp-json\/wp\/v2\/media?parent=1993409"}],"wp:term":[{"taxonomy":"product_cat","embeddable":true,"href":"https:\/\/eu.tilta.com\/fr\/wp-json\/wp\/v2\/product_cat?post=1993409"},{"taxonomy":"product_tag","embeddable":true,"href":"https:\/\/eu.tilta.com\/fr\/wp-json\/wp\/v2\/product_tag?post=1993409"}],"curies":[{"name":"wp","href":"https:\/\/api.w.org\/{rel}","templated":true}]}}