{"id":1993431,"date":"2021-12-27T09:55:48","date_gmt":"2021-12-27T08:55:48","guid":{"rendered":"https:\/\/de.tilta.com\/shop\/fixation-de-cable-hdmi-pour-sony-a1-noir\/"},"modified":"2026-02-16T09:00:33","modified_gmt":"2026-02-16T08:00:33","slug":"hdmi-cable-clamp-attachment-for-sony-a1-black","status":"publish","type":"product","link":"https:\/\/eu.tilta.com\/fr\/shop\/hdmi-cable-clamp-attachment-for-sony-a1-black\/","title":{"rendered":"Fixation de c\u00e2ble HDMI pour Sony a1 &#8211; Noir"},"content":{"rendered":"<p>Cette pince HDMI se fixe directement sur la cage de l&#8217;appareil photo Sony a7 IV et vous permet de fixer en toute s\u00e9curit\u00e9 un c\u00e2ble <a href=\"https:\/\/de.tilta.com\/shop\/hdmi-male-to-hdmi-female-cable\/\">HDMI m\u00e2le \u00e0 HDMI femelle<\/a> sur votre appareil photo Sony a1.<\/p>\n<p>Cette pince permet d&#8217;\u00e9viter que le c\u00e2ble HDMI ne se d\u00e9tache pendant la prise de vue et de prot\u00e9ger le port de votre appareil photo.<\/p>\n<p>Cela peut s&#8217;av\u00e9rer particuli\u00e8rement utile lors de l&#8217;utilisation d&#8217;un enregistreur externe.<\/p>\n","protected":false},"excerpt":{"rendered":"<p>Cette pince HDMI se fixe directement sur la cage de l&#8217;appareil photo Sony a7 IV et vous permet de fixer en toute s\u00e9curit\u00e9 un c\u00e2ble HDMI m\u00e2le \u00e0 HDMI femelle sur votre appareil photo Sony a1. Cette pince permet d&#8217;\u00e9viter [&hellip;]<\/p>\n","protected":false},"featured_media":1993437,"comment_status":"closed","ping_status":"closed","template":"","meta":[],"product_cat":[4448,1718],"product_tag":[],"acf":[],"gallery_images":[],"_links":{"self":[{"href":"https:\/\/eu.tilta.com\/fr\/wp-json\/wp\/v2\/product\/1993431"}],"collection":[{"href":"https:\/\/eu.tilta.com\/fr\/wp-json\/wp\/v2\/product"}],"about":[{"href":"https:\/\/eu.tilta.com\/fr\/wp-json\/wp\/v2\/types\/product"}],"replies":[{"embeddable":true,"href":"https:\/\/eu.tilta.com\/fr\/wp-json\/wp\/v2\/comments?post=1993431"}],"wp:featuredmedia":[{"embeddable":true,"href":"https:\/\/eu.tilta.com\/fr\/wp-json\/wp\/v2\/media\/1993437"}],"wp:attachment":[{"href":"https:\/\/eu.tilta.com\/fr\/wp-json\/wp\/v2\/media?parent=1993431"}],"wp:term":[{"taxonomy":"product_cat","embeddable":true,"href":"https:\/\/eu.tilta.com\/fr\/wp-json\/wp\/v2\/product_cat?post=1993431"},{"taxonomy":"product_tag","embeddable":true,"href":"https:\/\/eu.tilta.com\/fr\/wp-json\/wp\/v2\/product_tag?post=1993431"}],"curies":[{"name":"wp","href":"https:\/\/api.w.org\/{rel}","templated":true}]}}