{"id":1993432,"date":"2022-01-13T08:40:33","date_gmt":"2022-01-13T07:40:33","guid":{"rendered":"https:\/\/de.tilta.com\/shop\/plaque-superieure-avant-pour-red-v-raptor\/"},"modified":"2025-12-05T12:54:49","modified_gmt":"2025-12-05T11:54:49","slug":"front-top-plate-for-red-v-raptor","status":"publish","type":"product","link":"https:\/\/eu.tilta.com\/fr\/shop\/front-top-plate-for-red-v-raptor\/","title":{"rendered":"Plaque sup\u00e9rieure avant pour RED V-RAPTOR"},"content":{"rendered":"<p>Cette plaque sup\u00e9rieure avant pour le RED V-RAPTOR offre des options \u00e9tendues pour le montage d&#8217;accessoires dans un facteur de forme petit et l\u00e9ger.<\/p>\n<p>La plaque comprend un r\u00e9cepteur \u00e0 sabot froid, des points de montage 1\/4\u2033-20 et \u215c&#8221;-16 qui supportent divers accessoires tels que nos anciennes poign\u00e9es sup\u00e9rieures \u00e0 d\u00e9gagement rapide, des moniteurs externes, des \u00e9metteurs vid\u00e9o sans fil, des bras articul\u00e9s, etc.<\/p>\n","protected":false},"excerpt":{"rendered":"<p>Cette plaque sup\u00e9rieure avant pour le RED V-RAPTOR offre des options \u00e9tendues pour le montage d&#8217;accessoires dans un facteur de forme petit et l\u00e9ger. La plaque comprend un r\u00e9cepteur \u00e0 sabot froid, des points de montage 1\/4\u2033-20 et \u215c&#8221;-16 qui [&hellip;]<\/p>\n","protected":false},"featured_media":1993438,"comment_status":"closed","ping_status":"closed","template":"","meta":[],"product_cat":[1723,3147],"product_tag":[],"acf":[],"gallery_images":[1915673,1915674],"_links":{"self":[{"href":"https:\/\/eu.tilta.com\/fr\/wp-json\/wp\/v2\/product\/1993432"}],"collection":[{"href":"https:\/\/eu.tilta.com\/fr\/wp-json\/wp\/v2\/product"}],"about":[{"href":"https:\/\/eu.tilta.com\/fr\/wp-json\/wp\/v2\/types\/product"}],"replies":[{"embeddable":true,"href":"https:\/\/eu.tilta.com\/fr\/wp-json\/wp\/v2\/comments?post=1993432"}],"wp:featuredmedia":[{"embeddable":true,"href":"https:\/\/eu.tilta.com\/fr\/wp-json\/wp\/v2\/media\/1993438"}],"wp:attachment":[{"href":"https:\/\/eu.tilta.com\/fr\/wp-json\/wp\/v2\/media?parent=1993432"}],"wp:term":[{"taxonomy":"product_cat","embeddable":true,"href":"https:\/\/eu.tilta.com\/fr\/wp-json\/wp\/v2\/product_cat?post=1993432"},{"taxonomy":"product_tag","embeddable":true,"href":"https:\/\/eu.tilta.com\/fr\/wp-json\/wp\/v2\/product_tag?post=1993432"}],"curies":[{"name":"wp","href":"https:\/\/api.w.org\/{rel}","templated":true}]}}