{"id":1993457,"date":"2021-12-27T09:52:44","date_gmt":"2021-12-27T08:52:44","guid":{"rendered":"https:\/\/de.tilta.com\/shop\/tilta-compact-nato-top-handle\/"},"modified":"2026-04-22T11:53:38","modified_gmt":"2026-04-22T09:53:38","slug":"tiltaing-compact-nato-top-handle-black","status":"publish","type":"product","link":"https:\/\/eu.tilta.com\/fr\/shop\/tiltaing-compact-nato-top-handle-black\/","title":{"rendered":"Tilta Compact NATO Top Handle"},"content":{"rendered":"<p>Cette poign\u00e9e compacte OTAN se fixe facilement et en toute s\u00e9curit\u00e9 sur le dessus de la cage de l&#8217;appareil photo Sony a7 IV.<\/p>\n<p>Il comporte plusieurs points de montage 1\/4&#8243;-20 et 3\/8&#8243;-16, ainsi qu&#8217;un point de montage de la griffe froide \u00e0 l&#8217;avant de la poign\u00e9e.<\/p>\n<p>&nbsp;<\/p>\n","protected":false},"excerpt":{"rendered":"<p>Cette poign\u00e9e compacte OTAN se fixe facilement et en toute s\u00e9curit\u00e9 sur le dessus de la cage de l&#8217;appareil photo Sony a7 IV. Il comporte plusieurs points de montage 1\/4&#8243;-20 et 3\/8&#8243;-16, ainsi qu&#8217;un point de montage de la griffe [&hellip;]<\/p>\n","protected":false},"featured_media":1993465,"comment_status":"closed","ping_status":"closed","template":"","meta":[],"product_cat":[3252,1799,1757,1794,1782,1739,1775,1745,1726,1773,1754,1718,2173,2174],"product_tag":[],"acf":[],"gallery_images":[1993466,1993467],"_links":{"self":[{"href":"https:\/\/eu.tilta.com\/fr\/wp-json\/wp\/v2\/product\/1993457"}],"collection":[{"href":"https:\/\/eu.tilta.com\/fr\/wp-json\/wp\/v2\/product"}],"about":[{"href":"https:\/\/eu.tilta.com\/fr\/wp-json\/wp\/v2\/types\/product"}],"replies":[{"embeddable":true,"href":"https:\/\/eu.tilta.com\/fr\/wp-json\/wp\/v2\/comments?post=1993457"}],"wp:featuredmedia":[{"embeddable":true,"href":"https:\/\/eu.tilta.com\/fr\/wp-json\/wp\/v2\/media\/1993465"}],"wp:attachment":[{"href":"https:\/\/eu.tilta.com\/fr\/wp-json\/wp\/v2\/media?parent=1993457"}],"wp:term":[{"taxonomy":"product_cat","embeddable":true,"href":"https:\/\/eu.tilta.com\/fr\/wp-json\/wp\/v2\/product_cat?post=1993457"},{"taxonomy":"product_tag","embeddable":true,"href":"https:\/\/eu.tilta.com\/fr\/wp-json\/wp\/v2\/product_tag?post=1993457"}],"curies":[{"name":"wp","href":"https:\/\/api.w.org\/{rel}","templated":true}]}}