{"id":1993496,"date":"2021-12-27T09:47:49","date_gmt":"2021-12-27T08:47:49","guid":{"rendered":"https:\/\/de.tilta.com\/shop\/camera-cage-for-sony-a7-iv-basic-kit-black\/"},"modified":"2026-04-27T16:09:06","modified_gmt":"2026-04-27T14:09:06","slug":"camera-cage-for-sony-a7-iv-basic-kit-black","status":"publish","type":"product","link":"https:\/\/eu.tilta.com\/fr\/shop\/camera-cage-for-sony-a7-iv-basic-kit-black\/","title":{"rendered":"Cage pour Sony a7 IV Basic Kit &#8211; Noir"},"content":{"rendered":"<p>Ce kit de base fournit une armure de protection pour le Sony a7 IV, a1, a7S III, a7R IV, a7R V, a7 III, a7R III, A9 et comprend quelques accessoires de base pour am\u00e9liorer la fonctionnalit\u00e9 de l&#8217;appareil photo.<\/p>\n<p>La cage compl\u00e8te comporte plusieurs filetages 3\/8&#8243;-16 et 1\/4&#8243;-20 avec des goupilles de positionnement, des r\u00e9cepteurs de sabot froid et un rail OTAN pour les poign\u00e9es lat\u00e9rales de type IV et VI.<\/p>\n<p>Il est \u00e9galement dot\u00e9 d&#8217;un raccord de rosette compatible avec ARRI et d&#8217;orifices de fixation de canne pour nos <a href=\"https:\/\/de.tilta.com\/product-category\/accessories\/rod-rod-holders\/\">supports de canne uniques en<\/a> option.<\/p>\n<p>La partie sup\u00e9rieure de la cage est sp\u00e9cialement con\u00e7ue pour notre poign\u00e9e Tiltaing Compact NATO Top Handle pour une plus grande souplesse d&#8217;utilisation et de manipulation.<\/p>\n<p>La poign\u00e9e comprend un r\u00e9cepteur de griffe froide qui peut \u00eatre utilis\u00e9 pour monter un moniteur externe via notre <a href=\"https:\/\/de.tilta.com\/shop\/tiltaing-adjustable-cold-shoe-accessory-mounting-bracket\/\">support de montage d&#8217;accessoires de griffe froide<\/a>.<\/p>\n<p>La plaque inf\u00e9rieure est dot\u00e9e d&#8217;un filetage 1\/4\u2033-20 pour fixer votre appareil photo \u00e0 diverses plaques de fixation rapide et est compatible avec la plaque de base Tiltaing 15mm LWS Type IV.<\/p>\n<p>La pince HDMI se fixe sur le c\u00f4t\u00e9 de la cage et vous permet de fixer solidement le c\u00e2ble HDMI m\u00e2le vers HDMI femelle inclus dans votre syst\u00e8me.<\/p>\n<p>Cette pince permet d&#8217;\u00e9viter que votre c\u00e2ble HDMI ne se d\u00e9tache pendant la prise de vue et de prot\u00e9ger le port de votre appareil photo.<\/p>\n<p>Cela peut s&#8217;av\u00e9rer particuli\u00e8rement utile lors de l&#8217;utilisation d&#8217;un enregistreur externe.<\/p>\n","protected":false},"excerpt":{"rendered":"<p>Ce kit de base fournit une armure de protection pour le Sony a7 IV, a1, a7S III, a7R IV, a7R V, a7 III, a7R III, A9 et comprend quelques accessoires de base pour am\u00e9liorer la fonctionnalit\u00e9 de l&#8217;appareil photo. La [&hellip;]<\/p>\n","protected":false},"featured_media":1993508,"comment_status":"closed","ping_status":"closed","template":"","meta":[],"product_cat":[1718],"product_tag":[],"acf":[],"gallery_images":[1993510,1993511,1993512,1993513,1993514,1993515],"_links":{"self":[{"href":"https:\/\/eu.tilta.com\/fr\/wp-json\/wp\/v2\/product\/1993496"}],"collection":[{"href":"https:\/\/eu.tilta.com\/fr\/wp-json\/wp\/v2\/product"}],"about":[{"href":"https:\/\/eu.tilta.com\/fr\/wp-json\/wp\/v2\/types\/product"}],"replies":[{"embeddable":true,"href":"https:\/\/eu.tilta.com\/fr\/wp-json\/wp\/v2\/comments?post=1993496"}],"wp:featuredmedia":[{"embeddable":true,"href":"https:\/\/eu.tilta.com\/fr\/wp-json\/wp\/v2\/media\/1993508"}],"wp:attachment":[{"href":"https:\/\/eu.tilta.com\/fr\/wp-json\/wp\/v2\/media?parent=1993496"}],"wp:term":[{"taxonomy":"product_cat","embeddable":true,"href":"https:\/\/eu.tilta.com\/fr\/wp-json\/wp\/v2\/product_cat?post=1993496"},{"taxonomy":"product_tag","embeddable":true,"href":"https:\/\/eu.tilta.com\/fr\/wp-json\/wp\/v2\/product_tag?post=1993496"}],"curies":[{"name":"wp","href":"https:\/\/api.w.org\/{rel}","templated":true}]}}