{"id":1993718,"date":"2021-12-27T09:50:59","date_gmt":"2021-12-27T08:50:59","guid":{"rendered":"https:\/\/de.tilta.com\/shop\/camera-cage-for-sony-a7-iv-pro-kit-black\/"},"modified":"2025-12-05T12:55:24","modified_gmt":"2025-12-05T11:55:24","slug":"camera-cage-for-sony-a7-iv-pro-kit-black","status":"publish","type":"product","link":"https:\/\/eu.tilta.com\/fr\/shop\/camera-cage-for-sony-a7-iv-pro-kit-black\/","title":{"rendered":"Cage pour Sony a7 IV Pro Kit &#8211; Noir"},"content":{"rendered":"<p>Ce Pro Kit fournit une armure de protection pour le Sony a7 IV, a1, a7S III, a7R IV, a7R V, a7 III, aR III, A9 et comprend de nombreux accessoires pertinents pour am\u00e9liorer consid\u00e9rablement la fonctionnalit\u00e9 de l&#8217;appareil photo.<\/p>\n<p>La cage compl\u00e8te comporte plusieurs filetages 3\/8\u2033-16 et 1\/4&#8243;-20 avec des goupilles de positionnement, des r\u00e9cepteurs \u00e0 sabot froid et un rail OTAN pour les poign\u00e9es lat\u00e9rales de type IV et VI.<\/p>\n<p>Il est \u00e9galement dot\u00e9 d&#8217;un raccord de rosette compatible avec ARRI et d&#8217;orifices de fixation de canne pour nos <a href=\"https:\/\/de.tilta.com\/product-category\/accessories\/rod-rod-holders\/\">supports de canne uniques en<\/a> option.<\/p>\n<p>La partie sup\u00e9rieure de la cage est sp\u00e9cialement con\u00e7ue pour notre poign\u00e9e Tiltaing Compact NATO Top Handle pour une plus grande souplesse d&#8217;utilisation et de manipulation.<\/p>\n<p>La poign\u00e9e sup\u00e9rieure comprend un r\u00e9cepteur de griffe froide qui peut \u00eatre utilis\u00e9 pour monter un moniteur externe via notre <a href=\"https:\/\/de.tilta.com\/shop\/tiltaing-adjustable-cold-shoe-accessory-mounting-bracket\/\">support de montage d&#8217;accessoires de griffe froide<\/a>.<\/p>\n<p>La plaque inf\u00e9rieure est dot\u00e9e d&#8217;un filetage 1\/4\u2033-20 pour fixer votre appareil photo \u00e0 diverses plaques de fixation rapide et se connecte \u00e9galement \u00e0 la plaque de base de 15 mm incluse.<\/p>\n<p>La plaque de base LWS 15 mm Type IV de Tiltaing ajoute un support de tige de 15 mm au syst\u00e8me et vous permet de monter des accessoires \u00e0 tige tels que des <a href=\"https:\/\/de.tilta.com\/product-category\/matte-boxes\/\">matte boxes<\/a> et des <a href=\"https:\/\/de.tilta.com\/product-category\/lens-control-systems\/\">syst\u00e8mes de follow focus<\/a>.<\/p>\n<p>La partie inf\u00e9rieure de la plaque de base se connecte nativement \u00e0 nos <a href=\"https:\/\/de.tilta.com\/shop\/10-lightweight-dovetail-plate-tt-c16\/\">queues d&#8217;aronde standard Tilta<\/a> et supporte \u00e9galement diverses plaques de fixation rapide via des filetages 1\/4\u2033-20 et 3\/8\u2033-16.<\/p>\n<p>La poign\u00e9e Advanced Power Handle incluse se monte sur le c\u00f4t\u00e9 gauche de la cage via une connexion NATO Rail.<\/p>\n<p>Cette poign\u00e9e est dot\u00e9e d&#8217;un port micro DC 12 V (3,5\/1,35 mm) et d&#8217;un port USB-C 8 V pour alimenter le bo\u00eetier de votre appareil photo ou d&#8217;autres accessoires tels que notre <a href=\"https:\/\/de.tilta.com\/shop\/nucleus-nano-wireless-lens-control-system\/\">syst\u00e8me de contr\u00f4le d&#8217;objectif sans fil Nucleus Nano<\/a>.<\/p>\n<p>La poign\u00e9e est \u00e9galement capable de contr\u00f4ler l&#8217;arr\u00eat de marche gr\u00e2ce \u00e0 un c\u00e2ble d&#8217;arr\u00eat de marche inclus.<\/p>\n<p>La rotation de la poign\u00e9e et la sangle suppl\u00e9mentaire permettent une utilisation confortable et flexible de votre appareil photo lorsque vous photographiez \u00e0 main lev\u00e9e.<\/p>\n<p>La pince HDMI se fixe sur le c\u00f4t\u00e9 de la cage et vous permet de fixer solidement le c\u00e2ble HDMI m\u00e2le vers HDMI femelle inclus dans votre syst\u00e8me.<\/p>\n<p>Cette pince permet d&#8217;\u00e9viter que votre c\u00e2ble HDMI ne se d\u00e9tache pendant la prise de vue et de prot\u00e9ger le port de votre appareil photo.<\/p>\n<p>Cela peut s&#8217;av\u00e9rer particuli\u00e8rement utile lors de l&#8217;utilisation d&#8217;un enregistreur externe.<\/p>\n","protected":false},"excerpt":{"rendered":"<p>Ce Pro Kit fournit une armure de protection pour le Sony a7 IV, a1, a7S III, a7R IV, a7R V, a7 III, aR III, A9 et comprend de nombreux accessoires pertinents pour am\u00e9liorer consid\u00e9rablement la fonctionnalit\u00e9 de l&#8217;appareil photo. La [&hellip;]<\/p>\n","protected":false},"featured_media":1993725,"comment_status":"closed","ping_status":"closed","template":"","meta":[],"product_cat":[1718],"product_tag":[],"acf":[],"gallery_images":[1914194,1914195,1924930,1924931,1924932,1924929],"_links":{"self":[{"href":"https:\/\/eu.tilta.com\/fr\/wp-json\/wp\/v2\/product\/1993718"}],"collection":[{"href":"https:\/\/eu.tilta.com\/fr\/wp-json\/wp\/v2\/product"}],"about":[{"href":"https:\/\/eu.tilta.com\/fr\/wp-json\/wp\/v2\/types\/product"}],"replies":[{"embeddable":true,"href":"https:\/\/eu.tilta.com\/fr\/wp-json\/wp\/v2\/comments?post=1993718"}],"wp:featuredmedia":[{"embeddable":true,"href":"https:\/\/eu.tilta.com\/fr\/wp-json\/wp\/v2\/media\/1993725"}],"wp:attachment":[{"href":"https:\/\/eu.tilta.com\/fr\/wp-json\/wp\/v2\/media?parent=1993718"}],"wp:term":[{"taxonomy":"product_cat","embeddable":true,"href":"https:\/\/eu.tilta.com\/fr\/wp-json\/wp\/v2\/product_cat?post=1993718"},{"taxonomy":"product_tag","embeddable":true,"href":"https:\/\/eu.tilta.com\/fr\/wp-json\/wp\/v2\/product_tag?post=1993718"}],"curies":[{"name":"wp","href":"https:\/\/api.w.org\/{rel}","templated":true}]}}