{"id":1993719,"date":"2021-12-29T11:35:25","date_gmt":"2021-12-29T10:35:25","guid":{"rendered":"https:\/\/de.tilta.com\/shop\/jeu-de-filtres-nd-pour-dji-action-2\/"},"modified":"2025-12-05T12:55:24","modified_gmt":"2025-12-05T11:55:24","slug":"nd-filter-set-for-dji-osmo-action-2","status":"publish","type":"product","link":"https:\/\/eu.tilta.com\/fr\/shop\/nd-filter-set-for-dji-osmo-action-2\/","title":{"rendered":"Jeu de filtres ND pour DJI Action 2"},"content":{"rendered":"<p>Ce jeu de filtres ND pour DJI Osmo Action 2 est une solution pratique qui offre aux utilisateurs un meilleur contr\u00f4le de l&#8217;exposition de leurs images.<\/p>\n<p>Le syst\u00e8me d&#8217;encliquetage magn\u00e9tique permet de fixer ou d&#8217;enlever ces filtres rapidement et en toute s\u00e9curit\u00e9.<\/p>\n<p>Ce kit ND comprend quatre densit\u00e9s diff\u00e9rentes, vous permettant de r\u00e9duire la lumi\u00e8re de 3 \u00e0 6 diaphragmes.<\/p>\n<p>Ces filtres sont donc indispensables pour les prises de vue dans des environnements lumineux incontr\u00f4lables, comme les prises de vue en ext\u00e9rieur dans la neige ou par une journ\u00e9e ensoleill\u00e9e.<\/p>\n","protected":false},"excerpt":{"rendered":"<p>Ce jeu de filtres ND pour DJI Osmo Action 2 est une solution pratique qui offre aux utilisateurs un meilleur contr\u00f4le de l&#8217;exposition de leurs images. Le syst\u00e8me d&#8217;encliquetage magn\u00e9tique permet de fixer ou d&#8217;enlever ces filtres rapidement et en [&hellip;]<\/p>\n","protected":false},"featured_media":1993720,"comment_status":"closed","ping_status":"closed","template":"","meta":[],"product_cat":[2294],"product_tag":[],"acf":[],"gallery_images":[1914475,1914476,1914479,1914478,1914477],"_links":{"self":[{"href":"https:\/\/eu.tilta.com\/fr\/wp-json\/wp\/v2\/product\/1993719"}],"collection":[{"href":"https:\/\/eu.tilta.com\/fr\/wp-json\/wp\/v2\/product"}],"about":[{"href":"https:\/\/eu.tilta.com\/fr\/wp-json\/wp\/v2\/types\/product"}],"replies":[{"embeddable":true,"href":"https:\/\/eu.tilta.com\/fr\/wp-json\/wp\/v2\/comments?post=1993719"}],"wp:featuredmedia":[{"embeddable":true,"href":"https:\/\/eu.tilta.com\/fr\/wp-json\/wp\/v2\/media\/1993720"}],"wp:attachment":[{"href":"https:\/\/eu.tilta.com\/fr\/wp-json\/wp\/v2\/media?parent=1993719"}],"wp:term":[{"taxonomy":"product_cat","embeddable":true,"href":"https:\/\/eu.tilta.com\/fr\/wp-json\/wp\/v2\/product_cat?post=1993719"},{"taxonomy":"product_tag","embeddable":true,"href":"https:\/\/eu.tilta.com\/fr\/wp-json\/wp\/v2\/product_tag?post=1993719"}],"curies":[{"name":"wp","href":"https:\/\/api.w.org\/{rel}","templated":true}]}}