{"id":1993746,"date":"2021-12-27T09:45:05","date_gmt":"2021-12-27T08:45:05","guid":{"rendered":"https:\/\/de.tilta.com\/shop\/cage-de-protection-pour-sony-a7-iv-noir\/"},"modified":"2025-12-05T12:55:26","modified_gmt":"2025-12-05T11:55:26","slug":"full-camera-cage-for-sony-a7-iv-black","status":"publish","type":"product","link":"https:\/\/eu.tilta.com\/fr\/shop\/full-camera-cage-for-sony-a7-iv-black\/","title":{"rendered":"Cage de protection pour Sony a7 IV &#8211; Noir"},"content":{"rendered":"<p>Cette cage compl\u00e8te pour appareil photo offre une protection pour le Sony a7 IV, a1, a7S III, a7R IV, a7R V, a7 III, a7R III, A9 et vous permet de fixer diff\u00e9rents accessoires pour am\u00e9liorer la fonctionnalit\u00e9 de l&#8217;appareil photo.<\/p>\n<p>La cage compl\u00e8te comporte plusieurs filetages 3\/8&#8243;-16 et 1\/4&#8243;-20 avec des goupilles de positionnement, des r\u00e9cepteurs de sabot froid et un rail OTAN pour les poign\u00e9es lat\u00e9rales de type IV et VI.<\/p>\n<p>Il est \u00e9galement dot\u00e9 d&#8217;un raccord de rosette compatible avec ARRI et d&#8217;orifices de fixation de canne pour nos <a href=\"https:\/\/de.tilta.com\/product-category\/accessories\/rod-rod-holders\/\">supports de canne uniques en<\/a> option.<\/p>\n<p>La rosette est sp\u00e9cialement con\u00e7ue pour notre poign\u00e9e Tiltaing Compact NATO Top Handle pour une plus grande souplesse d&#8217;utilisation et de manipulation.<\/p>\n<p>La plaque inf\u00e9rieure est dot\u00e9e d&#8217;un filetage 1\/4\u2033-20 pour fixer votre appareil photo \u00e0 diverses plaques de fixation rapide et est compatible avec la plaque de base Tiltaing 15mm LWS Type IV.<\/p>\n<p>Le tournevis \u00e0 fente inclus vous permet d&#8217;assembler ou de d\u00e9sassembler rapidement la cage et les divers accessoires. Il se fixe \u00e9galement au fond de la cage pour le rangement.<\/p>\n<p>&nbsp;<\/p>\n","protected":false},"excerpt":{"rendered":"<p>Cette cage compl\u00e8te pour appareil photo offre une protection pour le Sony a7 IV, a1, a7S III, a7R IV, a7R V, a7 III, a7R III, A9 et vous permet de fixer diff\u00e9rents accessoires pour am\u00e9liorer la fonctionnalit\u00e9 de l&#8217;appareil photo. [&hellip;]<\/p>\n","protected":false},"featured_media":1993755,"comment_status":"closed","ping_status":"closed","template":"","meta":[],"product_cat":[1718],"product_tag":[],"acf":[],"gallery_images":[1993756,1993757,1993512,1993513,1993514,1993515],"_links":{"self":[{"href":"https:\/\/eu.tilta.com\/fr\/wp-json\/wp\/v2\/product\/1993746"}],"collection":[{"href":"https:\/\/eu.tilta.com\/fr\/wp-json\/wp\/v2\/product"}],"about":[{"href":"https:\/\/eu.tilta.com\/fr\/wp-json\/wp\/v2\/types\/product"}],"replies":[{"embeddable":true,"href":"https:\/\/eu.tilta.com\/fr\/wp-json\/wp\/v2\/comments?post=1993746"}],"wp:featuredmedia":[{"embeddable":true,"href":"https:\/\/eu.tilta.com\/fr\/wp-json\/wp\/v2\/media\/1993755"}],"wp:attachment":[{"href":"https:\/\/eu.tilta.com\/fr\/wp-json\/wp\/v2\/media?parent=1993746"}],"wp:term":[{"taxonomy":"product_cat","embeddable":true,"href":"https:\/\/eu.tilta.com\/fr\/wp-json\/wp\/v2\/product_cat?post=1993746"},{"taxonomy":"product_tag","embeddable":true,"href":"https:\/\/eu.tilta.com\/fr\/wp-json\/wp\/v2\/product_tag?post=1993746"}],"curies":[{"name":"wp","href":"https:\/\/api.w.org\/{rel}","templated":true}]}}