{"id":1993752,"date":"2021-10-27T13:25:23","date_gmt":"2021-10-27T11:25:23","guid":{"rendered":"https:\/\/de.tilta.com\/shop\/plateau-a-filtres-empilables-4x5-65-pour-tilta-mirage\/"},"modified":"2025-12-05T12:55:26","modified_gmt":"2025-12-05T11:55:26","slug":"4x5-65-stackable-filter-tray-for-tilta-mirage","status":"publish","type":"product","link":"https:\/\/eu.tilta.com\/fr\/shop\/4x5-65-stackable-filter-tray-for-tilta-mirage\/","title":{"rendered":"Plateau \u00e0 filtres empilables 4&#215;5.65 pour Tilta Mirage"},"content":{"rendered":"<p>Ce porte-filtre empilable se connecte au porte-filtre empilable 4\u00d75.65 qui vous permet de fixer un filtre 4\u00d75.65 suppl\u00e9mentaire devant votre objectif.<\/p>\n<p>Ce porte-filtre vous permet \u00e9galement de fixer des porte-filtres empilables 4\u00d75,65 suppl\u00e9mentaires, ce qui permet de monter autant de filtres 4\u00d75,65 que n\u00e9cessaire.<\/p>\n<p><strong>REMARQUE : ce produit n\u00e9cessite un porte-filtre empilable pour \u00eatre mont\u00e9 sur le Tilta Mirage.  <\/strong><\/p>\n","protected":false},"excerpt":{"rendered":"<p>Ce porte-filtre empilable se connecte au porte-filtre empilable 4\u00d75.65 qui vous permet de fixer un filtre 4\u00d75.65 suppl\u00e9mentaire devant votre objectif. Ce porte-filtre vous permet \u00e9galement de fixer des porte-filtres empilables 4\u00d75,65 suppl\u00e9mentaires, ce qui permet de monter autant de [&hellip;]<\/p>\n","protected":false},"featured_media":1993765,"comment_status":"closed","ping_status":"closed","template":"","meta":[],"product_cat":[2006],"product_tag":[],"acf":[],"gallery_images":[1993766,1993768],"_links":{"self":[{"href":"https:\/\/eu.tilta.com\/fr\/wp-json\/wp\/v2\/product\/1993752"}],"collection":[{"href":"https:\/\/eu.tilta.com\/fr\/wp-json\/wp\/v2\/product"}],"about":[{"href":"https:\/\/eu.tilta.com\/fr\/wp-json\/wp\/v2\/types\/product"}],"replies":[{"embeddable":true,"href":"https:\/\/eu.tilta.com\/fr\/wp-json\/wp\/v2\/comments?post=1993752"}],"wp:featuredmedia":[{"embeddable":true,"href":"https:\/\/eu.tilta.com\/fr\/wp-json\/wp\/v2\/media\/1993765"}],"wp:attachment":[{"href":"https:\/\/eu.tilta.com\/fr\/wp-json\/wp\/v2\/media?parent=1993752"}],"wp:term":[{"taxonomy":"product_cat","embeddable":true,"href":"https:\/\/eu.tilta.com\/fr\/wp-json\/wp\/v2\/product_cat?post=1993752"},{"taxonomy":"product_tag","embeddable":true,"href":"https:\/\/eu.tilta.com\/fr\/wp-json\/wp\/v2\/product_tag?post=1993752"}],"curies":[{"name":"wp","href":"https:\/\/api.w.org\/{rel}","templated":true}]}}