{"id":1993843,"date":"2021-11-30T10:18:57","date_gmt":"2021-11-30T09:18:57","guid":{"rendered":"https:\/\/de.tilta.com\/shop\/station-daccueil-du-systeme-de-flottaison-tilta\/"},"modified":"2025-12-05T12:55:29","modified_gmt":"2025-12-05T11:55:29","slug":"tilta-float-system-docking-station","status":"publish","type":"product","link":"https:\/\/eu.tilta.com\/fr\/shop\/tilta-float-system-docking-station\/","title":{"rendered":"Station d&#8217;accueil du syst\u00e8me de flottaison Tilta"},"content":{"rendered":"<p>Cette station d&#8217;accueil pour le syst\u00e8me de flottaison Tilta est une solution compl\u00e8te pour s\u00e9curiser votre syst\u00e8me de flottaison lorsqu&#8217;il n&#8217;est pas utilis\u00e9.<\/p>\n<p>Cette station d&#8217;accueil se connecte via une connexion Baby Pin et vous permet de fixer le poteau, le gilet et le bras de votre flotteur sur le m\u00eame support.<\/p>\n<p>Cela vous permet de garder votre syst\u00e8me pr\u00eat \u00e0 l&#8217;emploi sans avoir \u00e0 le porter ou \u00e0 le ranger dans sa valise.<\/p>\n<p>La conception r\u00e9glable vous permet d&#8217;ajuster facilement le centre de gravit\u00e9, garantissant que la station d&#8217;accueil reste \u00e9quilibr\u00e9e sur votre support.<\/p>\n","protected":false},"excerpt":{"rendered":"<p>Cette station d&#8217;accueil pour le syst\u00e8me de flottaison Tilta est une solution compl\u00e8te pour s\u00e9curiser votre syst\u00e8me de flottaison lorsqu&#8217;il n&#8217;est pas utilis\u00e9. Cette station d&#8217;accueil se connecte via une connexion Baby Pin et vous permet de fixer le poteau, [&hellip;]<\/p>\n","protected":false},"featured_media":1993862,"comment_status":"closed","ping_status":"closed","template":"","meta":[],"product_cat":[2314],"product_tag":[],"acf":[],"gallery_images":[1993864,1993866],"_links":{"self":[{"href":"https:\/\/eu.tilta.com\/fr\/wp-json\/wp\/v2\/product\/1993843"}],"collection":[{"href":"https:\/\/eu.tilta.com\/fr\/wp-json\/wp\/v2\/product"}],"about":[{"href":"https:\/\/eu.tilta.com\/fr\/wp-json\/wp\/v2\/types\/product"}],"replies":[{"embeddable":true,"href":"https:\/\/eu.tilta.com\/fr\/wp-json\/wp\/v2\/comments?post=1993843"}],"wp:featuredmedia":[{"embeddable":true,"href":"https:\/\/eu.tilta.com\/fr\/wp-json\/wp\/v2\/media\/1993862"}],"wp:attachment":[{"href":"https:\/\/eu.tilta.com\/fr\/wp-json\/wp\/v2\/media?parent=1993843"}],"wp:term":[{"taxonomy":"product_cat","embeddable":true,"href":"https:\/\/eu.tilta.com\/fr\/wp-json\/wp\/v2\/product_cat?post=1993843"},{"taxonomy":"product_tag","embeddable":true,"href":"https:\/\/eu.tilta.com\/fr\/wp-json\/wp\/v2\/product_tag?post=1993843"}],"curies":[{"name":"wp","href":"https:\/\/api.w.org\/{rel}","templated":true}]}}