{"id":1993940,"date":"2021-10-27T13:12:20","date_gmt":"2021-10-27T11:12:20","guid":{"rendered":"https:\/\/de.tilta.com\/shop\/porte-filtre-empilable-4x5-65-pour-tilta-mirage\/"},"modified":"2025-12-26T09:41:21","modified_gmt":"2025-12-26T08:41:21","slug":"4x5-65-stackable-filter-tray-holder-for-tilta-mirage","status":"publish","type":"product","link":"https:\/\/eu.tilta.com\/fr\/shop\/4x5-65-stackable-filter-tray-holder-for-tilta-mirage\/","title":{"rendered":"Porte-filtre empilable 4&#215;5.65 pour Tilta Mirage"},"content":{"rendered":"<p>Ce porte-filtre empilable remplace le capuchon en caoutchouc de la bo\u00eete \u00e0 matte Tilta Mirage et vous permet de fixer un <a href=\"https:\/\/de.tilta.com\/shop\/4x5-65-stackable-filter-tray-for-tilta-mirage\/\">porte-filtre empilable 4&#215;5.65<\/a><strong>(non inclus)<\/strong> devant votre objectif.<\/p>\n<p>Ce porte-filtre peut \u00eatre utilis\u00e9 avec plusieurs porte-filtres empilables 4\u00d75,65, ce qui permet de monter autant de filtres 4&#215;5,65 que n\u00e9cessaire.<\/p>\n<p><strong>*CELUI-CI NECESSAIT UN PLATEAU DE FILTRAGE 4&#215;5.65 POUR METTRE EN PLACE UN FILTRAGE*.<\/strong><\/p>\n<p><strong>REMARQUE : Ce dispositif ne peut pas \u00eatre utilis\u00e9 avec le capuchon en caoutchouc.  <\/strong><\/p>\n<p>&nbsp;<\/p>\n","protected":false},"excerpt":{"rendered":"<p>Ce porte-filtre empilable remplace le capuchon en caoutchouc de la bo\u00eete \u00e0 matte Tilta Mirage et vous permet de fixer un porte-filtre empilable 4&#215;5.65(non inclus) devant votre objectif. Ce porte-filtre peut \u00eatre utilis\u00e9 avec plusieurs porte-filtres empilables 4\u00d75,65, ce qui [&hellip;]<\/p>\n","protected":false},"featured_media":1993949,"comment_status":"closed","ping_status":"closed","template":"","meta":[],"product_cat":[2006],"product_tag":[],"acf":[],"gallery_images":[1993951,1993953],"_links":{"self":[{"href":"https:\/\/eu.tilta.com\/fr\/wp-json\/wp\/v2\/product\/1993940"}],"collection":[{"href":"https:\/\/eu.tilta.com\/fr\/wp-json\/wp\/v2\/product"}],"about":[{"href":"https:\/\/eu.tilta.com\/fr\/wp-json\/wp\/v2\/types\/product"}],"replies":[{"embeddable":true,"href":"https:\/\/eu.tilta.com\/fr\/wp-json\/wp\/v2\/comments?post=1993940"}],"wp:featuredmedia":[{"embeddable":true,"href":"https:\/\/eu.tilta.com\/fr\/wp-json\/wp\/v2\/media\/1993949"}],"wp:attachment":[{"href":"https:\/\/eu.tilta.com\/fr\/wp-json\/wp\/v2\/media?parent=1993940"}],"wp:term":[{"taxonomy":"product_cat","embeddable":true,"href":"https:\/\/eu.tilta.com\/fr\/wp-json\/wp\/v2\/product_cat?post=1993940"},{"taxonomy":"product_tag","embeddable":true,"href":"https:\/\/eu.tilta.com\/fr\/wp-json\/wp\/v2\/product_tag?post=1993940"}],"curies":[{"name":"wp","href":"https:\/\/api.w.org\/{rel}","templated":true}]}}