{"id":1994095,"date":"2021-10-27T13:00:41","date_gmt":"2021-10-27T11:00:41","guid":{"rendered":"https:\/\/de.tilta.com\/shop\/filtre-polarisant-95mm-pour-tilta-mirage\/"},"modified":"2026-05-13T14:54:18","modified_gmt":"2026-05-13T12:54:18","slug":"95mm-polarizer-filter-for-tilta-mirage","status":"publish","type":"product","link":"https:\/\/eu.tilta.com\/fr\/shop\/95mm-polarizer-filter-for-tilta-mirage\/","title":{"rendered":"Filtre polarisant 95mm pour Tilta Mirage"},"content":{"rendered":"<p>Ce filtre polarisant de 95 mm a \u00e9t\u00e9 d\u00e9velopp\u00e9 en \u00e9troite collaboration avec des fabricants d&#8217;optique de premier plan afin de cr\u00e9er un polarisant circulaire rotatif haut de gamme sp\u00e9cialement adapt\u00e9 \u00e0 la bo\u00eete de matte Tilta Mirage.<\/p>\n<p>Gr\u00e2ce \u00e0 la nouvelle technologie PL + CPL, ce filtre polarisant peut produire des couleurs pr\u00e9cises et \u00e9clatantes en limitant la lumi\u00e8re r\u00e9fl\u00e9chie et en emp\u00eachant les reflets ind\u00e9sirables caus\u00e9s par les surfaces r\u00e9fl\u00e9chissantes telles que l&#8217;eau ou le verre.<\/p>\n<p>Le polariseur 95 mm est compatible avec les m\u00eames configurations l\u00e9g\u00e8res que le module VND et peut \u00eatre fix\u00e9 directement \u00e0 un objectif 95 mm ou \u00e0 une <a href=\"https:\/\/de.tilta.com\/shop\/adapter-ring-for-tilta-mirage\/\">bague d&#8217;adaptation<\/a> gr\u00e2ce \u00e0 l&#8217;<a href=\"https:\/\/de.tilta.com\/shop\/lightweight-filter-clamp-on-adapter\/\">adaptateur \u00e0 pince pour filtre l\u00e9ger<\/a>.<\/p>\n<p>Le module Polarizer peut \u00eatre contr\u00f4l\u00e9 sans fil par un <a href=\"https:\/\/de.tilta.com\/shop\/wireless-motor-for-tilta-mirage\/\">moteur sans fil<\/a> optionnel pour faire pivoter le filtre \u00e0 distance, ce qui offre plus de flexibilit\u00e9 et permet de gagner du temps lors de la prise de vue.<\/p>\n<p><strong>REMARQUE : Ce module n&#8217;est pas compatible avec le module ND variable de 95 mm et ne peut pas \u00eatre utilis\u00e9 en m\u00eame temps que lui.<\/strong><\/p>\n","protected":false},"excerpt":{"rendered":"<p>Ce filtre polarisant de 95 mm a \u00e9t\u00e9 d\u00e9velopp\u00e9 en \u00e9troite collaboration avec des fabricants d&#8217;optique de premier plan afin de cr\u00e9er un polarisant circulaire rotatif haut de gamme sp\u00e9cialement adapt\u00e9 \u00e0 la bo\u00eete de matte Tilta Mirage. Gr\u00e2ce \u00e0 [&hellip;]<\/p>\n","protected":false},"featured_media":1994103,"comment_status":"closed","ping_status":"closed","template":"","meta":[],"product_cat":[2006],"product_tag":[],"acf":[],"gallery_images":[1994104],"_links":{"self":[{"href":"https:\/\/eu.tilta.com\/fr\/wp-json\/wp\/v2\/product\/1994095"}],"collection":[{"href":"https:\/\/eu.tilta.com\/fr\/wp-json\/wp\/v2\/product"}],"about":[{"href":"https:\/\/eu.tilta.com\/fr\/wp-json\/wp\/v2\/types\/product"}],"replies":[{"embeddable":true,"href":"https:\/\/eu.tilta.com\/fr\/wp-json\/wp\/v2\/comments?post=1994095"}],"wp:featuredmedia":[{"embeddable":true,"href":"https:\/\/eu.tilta.com\/fr\/wp-json\/wp\/v2\/media\/1994103"}],"wp:attachment":[{"href":"https:\/\/eu.tilta.com\/fr\/wp-json\/wp\/v2\/media?parent=1994095"}],"wp:term":[{"taxonomy":"product_cat","embeddable":true,"href":"https:\/\/eu.tilta.com\/fr\/wp-json\/wp\/v2\/product_cat?post=1994095"},{"taxonomy":"product_tag","embeddable":true,"href":"https:\/\/eu.tilta.com\/fr\/wp-json\/wp\/v2\/product_tag?post=1994095"}],"curies":[{"name":"wp","href":"https:\/\/api.w.org\/{rel}","templated":true}]}}