{"id":1994183,"date":"2021-11-30T11:32:41","date_gmt":"2021-11-30T10:32:41","guid":{"rendered":"https:\/\/de.tilta.com\/shop\/bouton-de-commande-avance-pour-tilta-mirage\/"},"modified":"2026-03-19T03:25:33","modified_gmt":"2026-03-19T02:25:33","slug":"advanced-control-knob-for-tilta-mirage","status":"publish","type":"product","link":"https:\/\/eu.tilta.com\/fr\/shop\/advanced-control-knob-for-tilta-mirage\/","title":{"rendered":"Bouton de commande avanc\u00e9 pour Tilta Mirage"},"content":{"rendered":"<p>Ce bouton de contr\u00f4le avanc\u00e9 pour Tilta Mirage se monte directement sur votre <a href=\"https:\/\/de.tilta.com\/shop\/95mm-polarizer-filter-for-tilta-mirage\/\">filtre<\/a> <a href=\"https:\/\/de.tilta.com\/shop\/95mm-variable-nd-for-tilta-mirage\/\">ND<\/a> ou <a href=\"https:\/\/de.tilta.com\/shop\/95mm-polarizer-filter-for-tilta-mirage\/\">polarisant<\/a> <a href=\"https:\/\/de.tilta.com\/shop\/95mm-variable-nd-for-tilta-mirage\/\">variable<\/a> afin d&#8217;offrir une option plus confortable et plus pr\u00e9cise pour ajuster la densit\u00e9 de vos filtres.<\/p>\n<p>Le bouton de contr\u00f4le se fixe directement sur ces filtres gr\u00e2ce \u00e0 deux filetages M3, ce qui permet d&#8217;utiliser cet accessoire dans de multiples situations, m\u00eame lorsque le filtre est mont\u00e9 directement sur l&#8217;objectif \u00e0 l&#8217;aide de notre <a href=\"https:\/\/de.tilta.com\/shop\/lightweight-filter-clamp-on-adapter\/\">adaptateur l\u00e9ger \u00e0 pince<\/a>.<\/p>\n<p>Cet accessoire est la solution parfaite pour tous ceux qui ont souvent besoin de contr\u00f4ler manuellement leur ND variable ou leur polariseur.<\/p>\n","protected":false},"excerpt":{"rendered":"<p>Ce bouton de contr\u00f4le avanc\u00e9 pour Tilta Mirage se monte directement sur votre filtre ND ou polarisant variable afin d&#8217;offrir une option plus confortable et plus pr\u00e9cise pour ajuster la densit\u00e9 de vos filtres. Le bouton de contr\u00f4le se fixe [&hellip;]<\/p>\n","protected":false},"featured_media":1994198,"comment_status":"closed","ping_status":"closed","template":"","meta":[],"product_cat":[2006],"product_tag":[],"acf":[],"gallery_images":[1994200,1994202],"_links":{"self":[{"href":"https:\/\/eu.tilta.com\/fr\/wp-json\/wp\/v2\/product\/1994183"}],"collection":[{"href":"https:\/\/eu.tilta.com\/fr\/wp-json\/wp\/v2\/product"}],"about":[{"href":"https:\/\/eu.tilta.com\/fr\/wp-json\/wp\/v2\/types\/product"}],"replies":[{"embeddable":true,"href":"https:\/\/eu.tilta.com\/fr\/wp-json\/wp\/v2\/comments?post=1994183"}],"wp:featuredmedia":[{"embeddable":true,"href":"https:\/\/eu.tilta.com\/fr\/wp-json\/wp\/v2\/media\/1994198"}],"wp:attachment":[{"href":"https:\/\/eu.tilta.com\/fr\/wp-json\/wp\/v2\/media?parent=1994183"}],"wp:term":[{"taxonomy":"product_cat","embeddable":true,"href":"https:\/\/eu.tilta.com\/fr\/wp-json\/wp\/v2\/product_cat?post=1994183"},{"taxonomy":"product_tag","embeddable":true,"href":"https:\/\/eu.tilta.com\/fr\/wp-json\/wp\/v2\/product_tag?post=1994183"}],"curies":[{"name":"wp","href":"https:\/\/api.w.org\/{rel}","templated":true}]}}