{"id":1994215,"date":"2021-09-17T09:24:33","date_gmt":"2021-09-17T07:24:33","guid":{"rendered":"https:\/\/de.tilta.com\/shop\/moteur-sans-fil-pour-tilta-mirage\/"},"modified":"2025-12-05T12:56:05","modified_gmt":"2025-12-05T11:56:05","slug":"wireless-motor-for-tilta-mirage","status":"publish","type":"product","link":"https:\/\/eu.tilta.com\/fr\/shop\/wireless-motor-for-tilta-mirage\/","title":{"rendered":"Moteur sans fil pour Tilta Mirage"},"content":{"rendered":"<p><strong>AVERTISSEMENT : n&#8217;alimentez pas cet appareil via USB-C lorsque le bloc d&#8217;alimentation 14500 est connect\u00e9.  <\/strong><\/p>\n<p>Le moteur sans fil pour Tilta Mirage se monte directement sur le module ND variable de 95 mm et vous permet d&#8217;ajuster le VND \u00e0 distance avec le contr\u00f4leur sans fil pour Mirage.<\/p>\n<p>Le moteur peut \u00eatre contr\u00f4l\u00e9 par le Nucleus M FIZ, les poign\u00e9es, le Nucleus Nano Hand Wheel, les poign\u00e9es de contr\u00f4le pour l&#8217;Advanced Ring Grip et notre poign\u00e9e de contr\u00f4le arri\u00e8re.<\/p>\n<p>Le moteur s&#8217;alimente via l&#8217;USB-C ou l&#8217;<a href=\"https:\/\/de.tilta.com\/shop\/14500-power-supply-for-tilta-mirage-motor\/\">alimentation 14500 en<\/a> option.<\/p>\n<p><strong>REMARQUE : Ce moteur peut \u00eatre aliment\u00e9, mais pas contr\u00f4l\u00e9 par nos poign\u00e9es lat\u00e9rales.  <\/strong><\/p>\n<p><strong>Ce moteur n&#8217;est PAS compatible avec l&#8217;USB-C PD. L&#8217;affichage de la tension lors de l&#8217;alimentation via USB-C peut ne pas \u00eatre exact.  <\/strong><\/p>\n","protected":false},"excerpt":{"rendered":"<p>AVERTISSEMENT : n&#8217;alimentez pas cet appareil via USB-C lorsque le bloc d&#8217;alimentation 14500 est connect\u00e9. Le moteur sans fil pour Tilta Mirage se monte directement sur le module ND variable de 95 mm et vous permet d&#8217;ajuster le VND \u00e0 [&hellip;]<\/p>\n","protected":false},"featured_media":1994219,"comment_status":"closed","ping_status":"closed","template":"","meta":[],"product_cat":[2006],"product_tag":[],"acf":[],"gallery_images":[1994220],"_links":{"self":[{"href":"https:\/\/eu.tilta.com\/fr\/wp-json\/wp\/v2\/product\/1994215"}],"collection":[{"href":"https:\/\/eu.tilta.com\/fr\/wp-json\/wp\/v2\/product"}],"about":[{"href":"https:\/\/eu.tilta.com\/fr\/wp-json\/wp\/v2\/types\/product"}],"replies":[{"embeddable":true,"href":"https:\/\/eu.tilta.com\/fr\/wp-json\/wp\/v2\/comments?post=1994215"}],"wp:featuredmedia":[{"embeddable":true,"href":"https:\/\/eu.tilta.com\/fr\/wp-json\/wp\/v2\/media\/1994219"}],"wp:attachment":[{"href":"https:\/\/eu.tilta.com\/fr\/wp-json\/wp\/v2\/media?parent=1994215"}],"wp:term":[{"taxonomy":"product_cat","embeddable":true,"href":"https:\/\/eu.tilta.com\/fr\/wp-json\/wp\/v2\/product_cat?post=1994215"},{"taxonomy":"product_tag","embeddable":true,"href":"https:\/\/eu.tilta.com\/fr\/wp-json\/wp\/v2\/product_tag?post=1994215"}],"curies":[{"name":"wp","href":"https:\/\/api.w.org\/{rel}","templated":true}]}}