{"id":1994226,"date":"2021-09-16T15:55:12","date_gmt":"2021-09-16T13:55:12","guid":{"rendered":"https:\/\/de.tilta.com\/shop\/bague-dadaptation-cinema-80mm-pour-tilta-mirage\/"},"modified":"2025-12-05T12:56:06","modified_gmt":"2025-12-05T11:56:06","slug":"80mm-cinema-adapter-ring-for-tilta-mirage","status":"publish","type":"product","link":"https:\/\/eu.tilta.com\/fr\/shop\/80mm-cinema-adapter-ring-for-tilta-mirage\/","title":{"rendered":"Bague d&#8217;adaptation cin\u00e9ma 80mm pour Tilta Mirage"},"content":{"rendered":"<p>Cette bague d&#8217;adaptation cin\u00e9ma 80 mm pour la matte box Tilta Mirage vous permet de monter la matte box sur un objectif cin\u00e9ma avec un diam\u00e8tre avant de 80 mm.<\/p>\n<p>&nbsp;<\/p>\n","protected":false},"excerpt":{"rendered":"<p>Cette bague d&#8217;adaptation cin\u00e9ma 80 mm pour la matte box Tilta Mirage vous permet de monter la matte box sur un objectif cin\u00e9ma avec un diam\u00e8tre avant de 80 mm. &nbsp;<\/p>\n","protected":false},"featured_media":1994232,"comment_status":"closed","ping_status":"closed","template":"","meta":[],"product_cat":[2006],"product_tag":[],"acf":[],"gallery_images":[1910377,1910378,1910379,1910380],"_links":{"self":[{"href":"https:\/\/eu.tilta.com\/fr\/wp-json\/wp\/v2\/product\/1994226"}],"collection":[{"href":"https:\/\/eu.tilta.com\/fr\/wp-json\/wp\/v2\/product"}],"about":[{"href":"https:\/\/eu.tilta.com\/fr\/wp-json\/wp\/v2\/types\/product"}],"replies":[{"embeddable":true,"href":"https:\/\/eu.tilta.com\/fr\/wp-json\/wp\/v2\/comments?post=1994226"}],"wp:featuredmedia":[{"embeddable":true,"href":"https:\/\/eu.tilta.com\/fr\/wp-json\/wp\/v2\/media\/1994232"}],"wp:attachment":[{"href":"https:\/\/eu.tilta.com\/fr\/wp-json\/wp\/v2\/media?parent=1994226"}],"wp:term":[{"taxonomy":"product_cat","embeddable":true,"href":"https:\/\/eu.tilta.com\/fr\/wp-json\/wp\/v2\/product_cat?post=1994226"},{"taxonomy":"product_tag","embeddable":true,"href":"https:\/\/eu.tilta.com\/fr\/wp-json\/wp\/v2\/product_tag?post=1994226"}],"curies":[{"name":"wp","href":"https:\/\/api.w.org\/{rel}","templated":true}]}}