{"id":1994245,"date":"2021-09-16T15:45:18","date_gmt":"2021-09-16T13:45:18","guid":{"rendered":"https:\/\/de.tilta.com\/shop\/adaptateur-de-moteur-nucleus-nano-pour-tilta-mirage\/"},"modified":"2025-12-05T12:56:08","modified_gmt":"2025-12-05T11:56:08","slug":"nucleus-nano-motor-adapter-for-tilta-mirage","status":"publish","type":"product","link":"https:\/\/eu.tilta.com\/fr\/shop\/nucleus-nano-motor-adapter-for-tilta-mirage\/","title":{"rendered":"Adaptateur de moteur Nucleus Nano pour Tilta Mirage"},"content":{"rendered":"<p>Cet adaptateur Nucleus Nano Motor pour Tilta Mirage vous permet de monter un Nucleus Nano Motor sur le module ND variable de 95 mm via une tige de 15 mm.<\/p>\n<p>Cela vous permet de contr\u00f4ler sans fil le module VND via le volant Nucleus Nano ou d&#8217;autres contr\u00f4leurs compatibles de la s\u00e9rie Nucleus, y compris le contr\u00f4leur sans fil pour le Tilta Mirage.<\/p>\n<p>Compatible avec d&#8217;autres moteurs de suivi de la mise au point sans fil de taille similaire.<\/p>\n","protected":false},"excerpt":{"rendered":"<p>Cet adaptateur Nucleus Nano Motor pour Tilta Mirage vous permet de monter un Nucleus Nano Motor sur le module ND variable de 95 mm via une tige de 15 mm. Cela vous permet de contr\u00f4ler sans fil le module VND [&hellip;]<\/p>\n","protected":false},"featured_media":1994254,"comment_status":"closed","ping_status":"closed","template":"","meta":[],"product_cat":[2006],"product_tag":[],"acf":[],"gallery_images":[1994257,1994259],"_links":{"self":[{"href":"https:\/\/eu.tilta.com\/fr\/wp-json\/wp\/v2\/product\/1994245"}],"collection":[{"href":"https:\/\/eu.tilta.com\/fr\/wp-json\/wp\/v2\/product"}],"about":[{"href":"https:\/\/eu.tilta.com\/fr\/wp-json\/wp\/v2\/types\/product"}],"replies":[{"embeddable":true,"href":"https:\/\/eu.tilta.com\/fr\/wp-json\/wp\/v2\/comments?post=1994245"}],"wp:featuredmedia":[{"embeddable":true,"href":"https:\/\/eu.tilta.com\/fr\/wp-json\/wp\/v2\/media\/1994254"}],"wp:attachment":[{"href":"https:\/\/eu.tilta.com\/fr\/wp-json\/wp\/v2\/media?parent=1994245"}],"wp:term":[{"taxonomy":"product_cat","embeddable":true,"href":"https:\/\/eu.tilta.com\/fr\/wp-json\/wp\/v2\/product_cat?post=1994245"},{"taxonomy":"product_tag","embeddable":true,"href":"https:\/\/eu.tilta.com\/fr\/wp-json\/wp\/v2\/product_tag?post=1994245"}],"curies":[{"name":"wp","href":"https:\/\/api.w.org\/{rel}","templated":true}]}}