{"id":1994277,"date":"2021-09-17T09:22:39","date_gmt":"2021-09-17T07:22:39","guid":{"rendered":"https:\/\/de.tilta.com\/shop\/14500-alimentation-pour-le-moteur-tilta-mirage\/"},"modified":"2025-12-05T12:56:11","modified_gmt":"2025-12-05T11:56:11","slug":"14500-power-supply-for-tilta-mirage-motor","status":"publish","type":"product","link":"https:\/\/eu.tilta.com\/fr\/shop\/14500-power-supply-for-tilta-mirage-motor\/","title":{"rendered":"14500 Alimentation pour le moteur Tilta Mirage"},"content":{"rendered":"<p><strong>AVERTISSEMENT : n&#8217;alimentez pas le moteur via USB-C lorsque ce bloc d&#8217;alimentation est fix\u00e9.<\/strong><\/p>\n<p>L&#8217;alimentation 14500 pour le moteur Tilta Mirage se fixe directement sur le moteur et vous permet de l&#8217;alimenter avec une seule batterie 14500.<\/p>\n<p>C&#8217;est la solution l\u00e9g\u00e8re parfaite pour alimenter le moteur sans fil du Tilta Mirage.<\/p>\n<p><strong>REMARQUE : Le moteur absorbe une petite quantit\u00e9 d&#8217;\u00e9nergie de cet appareil lorsqu&#8217;il est \u00e9teint.<\/strong><\/p>\n<p><strong>Veuillez retirer la batterie de cet appareil lorsqu&#8217;il n&#8217;est pas utilis\u00e9.<\/strong><\/p>\n","protected":false},"excerpt":{"rendered":"<p>AVERTISSEMENT : n&#8217;alimentez pas le moteur via USB-C lorsque ce bloc d&#8217;alimentation est fix\u00e9. L&#8217;alimentation 14500 pour le moteur Tilta Mirage se fixe directement sur le moteur et vous permet de l&#8217;alimenter avec une seule batterie 14500. C&#8217;est la solution [&hellip;]<\/p>\n","protected":false},"featured_media":2010020,"comment_status":"closed","ping_status":"closed","template":"","meta":[],"product_cat":[2006],"product_tag":[],"acf":[],"gallery_images":[1994290],"_links":{"self":[{"href":"https:\/\/eu.tilta.com\/fr\/wp-json\/wp\/v2\/product\/1994277"}],"collection":[{"href":"https:\/\/eu.tilta.com\/fr\/wp-json\/wp\/v2\/product"}],"about":[{"href":"https:\/\/eu.tilta.com\/fr\/wp-json\/wp\/v2\/types\/product"}],"replies":[{"embeddable":true,"href":"https:\/\/eu.tilta.com\/fr\/wp-json\/wp\/v2\/comments?post=1994277"}],"wp:featuredmedia":[{"embeddable":true,"href":"https:\/\/eu.tilta.com\/fr\/wp-json\/wp\/v2\/media\/2010020"}],"wp:attachment":[{"href":"https:\/\/eu.tilta.com\/fr\/wp-json\/wp\/v2\/media?parent=1994277"}],"wp:term":[{"taxonomy":"product_cat","embeddable":true,"href":"https:\/\/eu.tilta.com\/fr\/wp-json\/wp\/v2\/product_cat?post=1994277"},{"taxonomy":"product_tag","embeddable":true,"href":"https:\/\/eu.tilta.com\/fr\/wp-json\/wp\/v2\/product_tag?post=1994277"}],"curies":[{"name":"wp","href":"https:\/\/api.w.org\/{rel}","templated":true}]}}