{"id":1994309,"date":"2021-09-16T15:46:53","date_gmt":"2021-09-16T13:46:53","guid":{"rendered":"https:\/\/de.tilta.com\/shop\/controleur-sans-fil-pour-tilta-mirage\/"},"modified":"2025-12-05T12:56:14","modified_gmt":"2025-12-05T11:56:14","slug":"wireless-controller-for-tilta-mirage","status":"publish","type":"product","link":"https:\/\/eu.tilta.com\/fr\/shop\/wireless-controller-for-tilta-mirage\/","title":{"rendered":"Contr\u00f4leur sans fil pour Tilta Mirage"},"content":{"rendered":"<p>Le Wireless Controller pour Tilta Mirage vous permet de contr\u00f4ler \u00e0 distance le module VND ainsi qu&#8217;un moteur Nucleus Nano ou Nucleus M.<\/p>\n<p>Le contr\u00f4leur est aliment\u00e9 par une seule batterie 14500 et peut \u00eatre fix\u00e9 \u00e0 des moniteurs, des gimbals ou des cages de cam\u00e9ra via une connexion OTAN et l&#8217;adaptateur de rail OTAN inclus.<\/p>\n","protected":false},"excerpt":{"rendered":"<p>Le Wireless Controller pour Tilta Mirage vous permet de contr\u00f4ler \u00e0 distance le module VND ainsi qu&#8217;un moteur Nucleus Nano ou Nucleus M. Le contr\u00f4leur est aliment\u00e9 par une seule batterie 14500 et peut \u00eatre fix\u00e9 \u00e0 des moniteurs, des [&hellip;]<\/p>\n","protected":false},"featured_media":1994317,"comment_status":"closed","ping_status":"closed","template":"","meta":[],"product_cat":[2006],"product_tag":[],"acf":[],"gallery_images":[1994319],"_links":{"self":[{"href":"https:\/\/eu.tilta.com\/fr\/wp-json\/wp\/v2\/product\/1994309"}],"collection":[{"href":"https:\/\/eu.tilta.com\/fr\/wp-json\/wp\/v2\/product"}],"about":[{"href":"https:\/\/eu.tilta.com\/fr\/wp-json\/wp\/v2\/types\/product"}],"replies":[{"embeddable":true,"href":"https:\/\/eu.tilta.com\/fr\/wp-json\/wp\/v2\/comments?post=1994309"}],"wp:featuredmedia":[{"embeddable":true,"href":"https:\/\/eu.tilta.com\/fr\/wp-json\/wp\/v2\/media\/1994317"}],"wp:attachment":[{"href":"https:\/\/eu.tilta.com\/fr\/wp-json\/wp\/v2\/media?parent=1994309"}],"wp:term":[{"taxonomy":"product_cat","embeddable":true,"href":"https:\/\/eu.tilta.com\/fr\/wp-json\/wp\/v2\/product_cat?post=1994309"},{"taxonomy":"product_tag","embeddable":true,"href":"https:\/\/eu.tilta.com\/fr\/wp-json\/wp\/v2\/product_tag?post=1994309"}],"curies":[{"name":"wp","href":"https:\/\/api.w.org\/{rel}","templated":true}]}}