{"id":1994326,"date":"2021-09-16T15:43:50","date_gmt":"2021-09-16T13:43:50","guid":{"rendered":"https:\/\/de.tilta.com\/shop\/support-lws-15mm-pour-tilta-mirage\/"},"modified":"2026-02-28T09:58:45","modified_gmt":"2026-02-28T08:58:45","slug":"15mm-lws-support-for-tilta-mirage","status":"publish","type":"product","link":"https:\/\/eu.tilta.com\/fr\/shop\/15mm-lws-support-for-tilta-mirage\/","title":{"rendered":"Support LWS 15mm pour Tilta Mirage"},"content":{"rendered":"<p>Le support LWS 15mm pour Tilta Mirage vous permet de monter la Matte Box sur votre syst\u00e8me de cam\u00e9ra via deux tiges de 15mm.<\/p>\n<p>C&#8217;est la solution parfaite pour ajouter une s\u00e9curit\u00e9 suppl\u00e9mentaire lorsque le poids n&#8217;est pas une pr\u00e9occupation ou lorsque vous utilisez des objectifs qui ne supportent pas la fonctionnalit\u00e9 de serrage du Mirage.<\/p>\n","protected":false},"excerpt":{"rendered":"<p>Le support LWS 15mm pour Tilta Mirage vous permet de monter la Matte Box sur votre syst\u00e8me de cam\u00e9ra via deux tiges de 15mm. C&#8217;est la solution parfaite pour ajouter une s\u00e9curit\u00e9 suppl\u00e9mentaire lorsque le poids n&#8217;est pas une pr\u00e9occupation [&hellip;]<\/p>\n","protected":false},"featured_media":1994329,"comment_status":"closed","ping_status":"closed","template":"","meta":[],"product_cat":[2006],"product_tag":[],"acf":[],"gallery_images":[1994330,1994331],"_links":{"self":[{"href":"https:\/\/eu.tilta.com\/fr\/wp-json\/wp\/v2\/product\/1994326"}],"collection":[{"href":"https:\/\/eu.tilta.com\/fr\/wp-json\/wp\/v2\/product"}],"about":[{"href":"https:\/\/eu.tilta.com\/fr\/wp-json\/wp\/v2\/types\/product"}],"replies":[{"embeddable":true,"href":"https:\/\/eu.tilta.com\/fr\/wp-json\/wp\/v2\/comments?post=1994326"}],"wp:featuredmedia":[{"embeddable":true,"href":"https:\/\/eu.tilta.com\/fr\/wp-json\/wp\/v2\/media\/1994329"}],"wp:attachment":[{"href":"https:\/\/eu.tilta.com\/fr\/wp-json\/wp\/v2\/media?parent=1994326"}],"wp:term":[{"taxonomy":"product_cat","embeddable":true,"href":"https:\/\/eu.tilta.com\/fr\/wp-json\/wp\/v2\/product_cat?post=1994326"},{"taxonomy":"product_tag","embeddable":true,"href":"https:\/\/eu.tilta.com\/fr\/wp-json\/wp\/v2\/product_tag?post=1994326"}],"curies":[{"name":"wp","href":"https:\/\/api.w.org\/{rel}","templated":true}]}}