{"id":1994337,"date":"2021-09-16T15:42:18","date_gmt":"2021-09-16T13:42:18","guid":{"rendered":"https:\/\/de.tilta.com\/shop\/adaptateur-a-pince-pour-filtre-leger\/"},"modified":"2026-01-10T13:11:15","modified_gmt":"2026-01-10T12:11:15","slug":"lightweight-filter-clamp-on-adapter","status":"publish","type":"product","link":"https:\/\/eu.tilta.com\/fr\/shop\/lightweight-filter-clamp-on-adapter\/","title":{"rendered":"Adaptateur \u00e0 pince pour filtre l\u00e9ger"},"content":{"rendered":"<p>Cet adaptateur \u00e0 pince pour filtre l\u00e9ger vous permet de monter le module Mirage VND ou 95 mm directement sur un objectif avec un diam\u00e8tre frontal de 95 mm ou sur une bague d&#8217;adaptation.<\/p>\n<p>Il s&#8217;agit de l&#8217;une des options les plus l\u00e9g\u00e8res actuellement disponibles pour fixer un VND de cette taille \u00e0 votre objectif, puisqu&#8217;il ne p\u00e8se que 130 g.<\/p>\n<p>Un must dans votre kit lorsque vous utilisez r\u00e9guli\u00e8rement des cardans ou des drones !<\/p>\n<p><strong>NOTE : ceci n&#8217;est pas compatible avec les plateaux de filtres circulaires doubles de 95mm pour Tilta Mirage.<\/strong><\/p>\n<p>&nbsp;<\/p>\n","protected":false},"excerpt":{"rendered":"<p>Cet adaptateur \u00e0 pince pour filtre l\u00e9ger vous permet de monter le module Mirage VND ou 95 mm directement sur un objectif avec un diam\u00e8tre frontal de 95 mm ou sur une bague d&#8217;adaptation. Il s&#8217;agit de l&#8217;une des options [&hellip;]<\/p>\n","protected":false},"featured_media":1994339,"comment_status":"closed","ping_status":"closed","template":"","meta":[],"product_cat":[2006],"product_tag":[],"acf":[],"gallery_images":[1994340],"_links":{"self":[{"href":"https:\/\/eu.tilta.com\/fr\/wp-json\/wp\/v2\/product\/1994337"}],"collection":[{"href":"https:\/\/eu.tilta.com\/fr\/wp-json\/wp\/v2\/product"}],"about":[{"href":"https:\/\/eu.tilta.com\/fr\/wp-json\/wp\/v2\/types\/product"}],"replies":[{"embeddable":true,"href":"https:\/\/eu.tilta.com\/fr\/wp-json\/wp\/v2\/comments?post=1994337"}],"wp:featuredmedia":[{"embeddable":true,"href":"https:\/\/eu.tilta.com\/fr\/wp-json\/wp\/v2\/media\/1994339"}],"wp:attachment":[{"href":"https:\/\/eu.tilta.com\/fr\/wp-json\/wp\/v2\/media?parent=1994337"}],"wp:term":[{"taxonomy":"product_cat","embeddable":true,"href":"https:\/\/eu.tilta.com\/fr\/wp-json\/wp\/v2\/product_cat?post=1994337"},{"taxonomy":"product_tag","embeddable":true,"href":"https:\/\/eu.tilta.com\/fr\/wp-json\/wp\/v2\/product_tag?post=1994337"}],"curies":[{"name":"wp","href":"https:\/\/api.w.org\/{rel}","templated":true}]}}