{"id":1994374,"date":"2021-09-16T15:42:29","date_gmt":"2021-09-16T13:42:29","guid":{"rendered":"https:\/\/de.tilta.com\/shop\/95mm-nd-variable-pour-tilta-mirage\/"},"modified":"2026-04-27T13:16:16","modified_gmt":"2026-04-27T11:16:16","slug":"95mm-variable-nd-for-tilta-mirage","status":"publish","type":"product","link":"https:\/\/eu.tilta.com\/fr\/shop\/95mm-variable-nd-for-tilta-mirage\/","title":{"rendered":"95mm ND variable pour Tilta Mirage"},"content":{"rendered":"<p>Le ND variable 95 mm pour Tilta Mirage a \u00e9t\u00e9 d\u00e9velopp\u00e9 en \u00e9troite collaboration avec des fabricants d&#8217;optiques de premier plan. Le module VND permet de multiples configurations, la plus l\u00e9g\u00e8re ne pesant que 130 g.<\/p>\n<p>Gr\u00e2ce \u00e0 la nouvelle technologie PL + CPL, le module VND peut produire des couleurs pr\u00e9cises m\u00eame \u00e0 sa densit\u00e9 maximale.<\/p>\n<p>Le ND variable peut \u00eatre ajust\u00e9 progressivement, ce qui vous permet de conserver une exposition coh\u00e9rente lorsque les conditions d&#8217;\u00e9clairage changent de mani\u00e8re inattendue.<\/p>\n<p>Le module est dot\u00e9 de but\u00e9es int\u00e9gr\u00e9es entre ND 0,3 et ND 2,7 afin d&#8217;\u00e9viter tout risque d&#8217;ombres crois\u00e9es.<\/p>\n<p>Le module VND peut \u00eatre contr\u00f4l\u00e9 sans fil par un micro-moteur optionnel pour ajuster \u00e0 distance le niveau de densit\u00e9 neutre, ce qui offre une plus grande flexibilit\u00e9 lors de la prise de vue.<\/p>\n","protected":false},"excerpt":{"rendered":"<p>Le ND variable 95 mm pour Tilta Mirage a \u00e9t\u00e9 d\u00e9velopp\u00e9 en \u00e9troite collaboration avec des fabricants d&#8217;optiques de premier plan. Le module VND permet de multiples configurations, la plus l\u00e9g\u00e8re ne pesant que 130 g. Gr\u00e2ce \u00e0 la nouvelle [&hellip;]<\/p>\n","protected":false},"featured_media":1994376,"comment_status":"closed","ping_status":"closed","template":"","meta":[],"product_cat":[2006],"product_tag":[],"acf":[],"gallery_images":[1994377],"_links":{"self":[{"href":"https:\/\/eu.tilta.com\/fr\/wp-json\/wp\/v2\/product\/1994374"}],"collection":[{"href":"https:\/\/eu.tilta.com\/fr\/wp-json\/wp\/v2\/product"}],"about":[{"href":"https:\/\/eu.tilta.com\/fr\/wp-json\/wp\/v2\/types\/product"}],"replies":[{"embeddable":true,"href":"https:\/\/eu.tilta.com\/fr\/wp-json\/wp\/v2\/comments?post=1994374"}],"wp:featuredmedia":[{"embeddable":true,"href":"https:\/\/eu.tilta.com\/fr\/wp-json\/wp\/v2\/media\/1994376"}],"wp:attachment":[{"href":"https:\/\/eu.tilta.com\/fr\/wp-json\/wp\/v2\/media?parent=1994374"}],"wp:term":[{"taxonomy":"product_cat","embeddable":true,"href":"https:\/\/eu.tilta.com\/fr\/wp-json\/wp\/v2\/product_cat?post=1994374"},{"taxonomy":"product_tag","embeddable":true,"href":"https:\/\/eu.tilta.com\/fr\/wp-json\/wp\/v2\/product_tag?post=1994374"}],"curies":[{"name":"wp","href":"https:\/\/api.w.org\/{rel}","templated":true}]}}