{"id":1994660,"date":"2021-06-18T10:30:24","date_gmt":"2021-06-18T08:30:24","guid":{"rendered":"https:\/\/de.tilta.com\/shop\/hydra-alien-car-mounting-system-pro-kit\/"},"modified":"2026-03-31T04:37:08","modified_gmt":"2026-03-31T02:37:08","slug":"hydra-alien-car-mounting-system-pro-kit","status":"publish","type":"product","link":"https:\/\/eu.tilta.com\/fr\/shop\/hydra-alien-car-mounting-system-pro-kit\/","title":{"rendered":"Hydra Alien Car Mounting System Pro Kit"},"content":{"rendered":"<p><strong>Le kit Pro comprend le <a href=\"https:\/\/de.tilta.com\/shop\/hydra-alien-car-mounting-system\/\">syst\u00e8me de montage Hydra Alien pour voiture<\/a>, le <a href=\"https:\/\/de.tilta.com\/shop\/remote-control-kit-for-rs-2\/\">kit de t\u00e9l\u00e9commande <\/a> et le <a href=\"https:\/\/de.tilta.com\/shop\/hydra-alien-monitor-bracket\/\">support de moniteur Hydra Alien<\/a>.<\/strong><\/p>\n<p>Le kit Hydra Alien Pro offre un ensemble complet pour un montage flexible dans la voiture, tout en incluant des accessoires suppl\u00e9mentaires pour offrir un contr\u00f4le plus pr\u00e9cis et une plus grande facilit\u00e9 d&#8217;utilisation.<\/p>\n<p>Le kit Pro comprend le kit de t\u00e9l\u00e9commande qui offre un contr\u00f4le complet avec ou sans fil du DJI RS2 ou RS3 Pro et inclut le support de moniteur Hydra Alien qui facilite le contr\u00f4le de vos s\u00e9quences tout en contr\u00f4lant le Ronin.<\/p>\n<p>Le syst\u00e8me de montage Hydra Alien pour voiture a \u00e9t\u00e9 con\u00e7u d\u00e8s le d\u00e9part pour fonctionner en conjonction avec des cardans plus petits afin d&#8217;offrir une solution l\u00e9g\u00e8re pour la cin\u00e9matographie mont\u00e9e sur voiture.<\/p>\n<p>Le syst\u00e8me utilise une combinaison hautement personnalisable de plaques en forme de queue d&#8217;aronde et de ventouses qui peuvent supporter une charge utile de 50 kg chacune.<\/p>\n<p>Le silicone tr\u00e8s \u00e9lastique qui absorbe les chocs offre une plus grande durabilit\u00e9 et moins d&#8217;abrasion, tandis que les nouveaux plongeurs \u00e0 ventouse cr\u00e9ent une \u00e9tanch\u00e9it\u00e9 plus forte pour une meilleure s\u00e9curit\u00e9 par temps froid.<\/p>\n<p>Lorsqu&#8217;il est interconnect\u00e9, le syst\u00e8me permet aux utilisateurs d&#8217;affiner le positionnement exact de leur prise de vue afin d&#8217;obtenir presque tous les angles possibles lors du montage sur un v\u00e9hicule.<\/p>\n<p>Le syst\u00e8me utilise \u00e9galement un bras qui absorbe les chocs afin de mieux stabiliser la cam\u00e9ra pour certaines prises de vue, ainsi qu&#8217;une t\u00eate de berceau \u00e0 ressort si la prise de vue envisag\u00e9e n\u00e9cessite que le cardan soit retourn\u00e9.<\/p>\n<p>Le m\u00e2t d&#8217;amortissement hydraulique nouvellement inclus stabilise davantage le bras afin d&#8217;obtenir des r\u00e9sultats plus souples lorsque les conditions de conduite ne sont pas optimales.<\/p>\n<p>L&#8217;Hydra Alien prend en charge le contr\u00f4le sans fil complet des RS2 et RS3 Pro via le kit de t\u00e9l\u00e9commande fourni, qui vous permet de contr\u00f4ler les param\u00e8tres de votre cardan ainsi que les fonctions d&#8217;enregistrement et de photo de votre appareil photo via une connexion filaire ou sans fil.<\/p>\n<p>Il comprend \u00e9galement un manche \u00e0 balai qui vous permet de contr\u00f4ler le panoramique et l&#8217;inclinaison de votre cardan pour une pr\u00e9cision maximale lors de l&#8217;utilisation.<\/p>\n<p>Le nouvel \u00e9tui de s\u00e9curit\u00e9 \u00e0 coque dure est con\u00e7u pour ranger et prot\u00e9ger l&#8217;Hydra Alien.<\/p>\n<p>Cela vous permet de transporter le syst\u00e8me en toute s\u00e9curit\u00e9 entre les lieux de tournage et de le ranger proprement lorsqu&#8217;il n&#8217;est pas utilis\u00e9.<\/p>\n<p>La conception \u00e9tanche prot\u00e8ge la mallette et l&#8217;\u00e9quipement contre les risques tels que la pluie et la neige.<\/p>\n<p>Cet \u00e9tui remplace celui fourni avec l&#8217;Hydra Alien, mais peut \u00e9galement \u00eatre utilis\u00e9 pour ranger d&#8217;autres \u00e9quipements si n\u00e9cessaire.<\/p>\n<p>Haut, bas. Sur le c\u00f4t\u00e9 de la voiture, sur le dessus &#8211; presque toutes les prises de vue sur la voiture peuvent \u00eatre configur\u00e9es \u00e0 l&#8217;aide du syst\u00e8me de montage Hydra Alien pour voiture. Laissez libre cours \u00e0 votre imagination !<\/p>\n<p><strong>REMARQUE : Ce syst\u00e8me prend en charge tout cardan pouvant \u00eatre mont\u00e9 \u00e0 l&#8217;aide de vis 1\/4\u2033-20 et aliment\u00e9 par P-Tap.  <\/strong><strong>La poign\u00e9e de la t\u00e9l\u00e9commande n&#8217;est compatible qu&#8217;avec les RS2 et RS3 Pro.  <\/strong><\/p>\n<p><strong>ATTENTION : Nous ne recommandons pas d&#8217;utiliser les ventouses sur des v\u00e9hicules emball\u00e9s en raison des probl\u00e8mes de succion li\u00e9s \u00e0 la lumi\u00e8re directe du soleil et \u00e0 la chaleur.  <\/strong><\/p>\n<p><strong>RS3\/RS3 Pro : La cl\u00e9 M n&#8217;est PAS en mesure d&#8217;imiter la fonction du cardan. La touche M de cet appareil permet UNIQUEMENT de modifier le r\u00e9glage du mode.<\/strong><\/p>\n","protected":false},"excerpt":{"rendered":"<p>Le kit Pro comprend le syst\u00e8me de montage Hydra Alien pour voiture, le kit de t\u00e9l\u00e9commande et le support de moniteur Hydra Alien. Le kit Hydra Alien Pro offre un ensemble complet pour un montage flexible dans la voiture, tout [&hellip;]<\/p>\n","protected":false},"featured_media":0,"comment_status":"closed","ping_status":"closed","template":"","meta":[],"product_cat":[1894,1895],"product_tag":[],"acf":[],"gallery_images":[1563865,1563759,1565050,1565051,1565052,1565053,1565054],"_links":{"self":[{"href":"https:\/\/eu.tilta.com\/fr\/wp-json\/wp\/v2\/product\/1994660"}],"collection":[{"href":"https:\/\/eu.tilta.com\/fr\/wp-json\/wp\/v2\/product"}],"about":[{"href":"https:\/\/eu.tilta.com\/fr\/wp-json\/wp\/v2\/types\/product"}],"replies":[{"embeddable":true,"href":"https:\/\/eu.tilta.com\/fr\/wp-json\/wp\/v2\/comments?post=1994660"}],"wp:attachment":[{"href":"https:\/\/eu.tilta.com\/fr\/wp-json\/wp\/v2\/media?parent=1994660"}],"wp:term":[{"taxonomy":"product_cat","embeddable":true,"href":"https:\/\/eu.tilta.com\/fr\/wp-json\/wp\/v2\/product_cat?post=1994660"},{"taxonomy":"product_tag","embeddable":true,"href":"https:\/\/eu.tilta.com\/fr\/wp-json\/wp\/v2\/product_tag?post=1994660"}],"curies":[{"name":"wp","href":"https:\/\/api.w.org\/{rel}","templated":true}]}}