{"id":1994676,"date":"2021-06-03T14:45:48","date_gmt":"2021-06-03T12:45:48","guid":{"rendered":"https:\/\/de.tilta.com\/shop\/cable-dextension-evf-pour-bmpcc-6k-pro-g2\/"},"modified":"2026-03-09T20:45:47","modified_gmt":"2026-03-09T19:45:47","slug":"evf-extension-cable-for-bmpcc-6k-pro","status":"publish","type":"product","link":"https:\/\/eu.tilta.com\/fr\/shop\/evf-extension-cable-for-bmpcc-6k-pro\/","title":{"rendered":"C\u00e2ble d&#8217;extension EVF pour BMPCC 6K Pro\/G2"},"content":{"rendered":"<p>Ce c\u00e2ble d&#8217;extension EVF pour la BMPCC 6K Pro vous permet d&#8217;envoyer un signal vid\u00e9o de votre appareil photo vers le viseur lorsqu&#8217;il n&#8217;est pas directement mont\u00e9 sur le bo\u00eetier de l&#8217;appareil photo.<\/p>\n<p>Il a \u00e9t\u00e9 con\u00e7u sp\u00e9cifiquement pour notre support d&#8217;extension EVF Tiltaing qui vous permet de monter votre viseur BMPCC 6K Pro plus loin du bo\u00eetier de la cam\u00e9ra, ce qui permet une plus grande flexibilit\u00e9 lors de l&#8217;utilisation.<\/p>\n<p>Disponible en 30 cm ou 60 cm de long.<\/p>\n","protected":false},"excerpt":{"rendered":"<p>Ce c\u00e2ble d&#8217;extension EVF pour la BMPCC 6K Pro vous permet d&#8217;envoyer un signal vid\u00e9o de votre appareil photo vers le viseur lorsqu&#8217;il n&#8217;est pas directement mont\u00e9 sur le bo\u00eetier de l&#8217;appareil photo. Il a \u00e9t\u00e9 con\u00e7u sp\u00e9cifiquement pour notre [&hellip;]<\/p>\n","protected":false},"featured_media":0,"comment_status":"closed","ping_status":"closed","template":"","meta":[],"product_cat":[1713],"product_tag":[],"acf":[],"gallery_images":[],"_links":{"self":[{"href":"https:\/\/eu.tilta.com\/fr\/wp-json\/wp\/v2\/product\/1994676"}],"collection":[{"href":"https:\/\/eu.tilta.com\/fr\/wp-json\/wp\/v2\/product"}],"about":[{"href":"https:\/\/eu.tilta.com\/fr\/wp-json\/wp\/v2\/types\/product"}],"replies":[{"embeddable":true,"href":"https:\/\/eu.tilta.com\/fr\/wp-json\/wp\/v2\/comments?post=1994676"}],"wp:attachment":[{"href":"https:\/\/eu.tilta.com\/fr\/wp-json\/wp\/v2\/media?parent=1994676"}],"wp:term":[{"taxonomy":"product_cat","embeddable":true,"href":"https:\/\/eu.tilta.com\/fr\/wp-json\/wp\/v2\/product_cat?post=1994676"},{"taxonomy":"product_tag","embeddable":true,"href":"https:\/\/eu.tilta.com\/fr\/wp-json\/wp\/v2\/product_tag?post=1994676"}],"curies":[{"name":"wp","href":"https:\/\/api.w.org\/{rel}","templated":true}]}}