{"id":1994687,"date":"2021-06-03T14:36:28","date_gmt":"2021-06-03T12:36:28","guid":{"rendered":"https:\/\/de.tilta.com\/shop\/tilta-evf-extension-bracket\/"},"modified":"2025-12-05T12:58:50","modified_gmt":"2025-12-05T11:58:50","slug":"tiltaing-evf-extension-bracket","status":"publish","type":"product","link":"https:\/\/eu.tilta.com\/fr\/shop\/tiltaing-evf-extension-bracket\/","title":{"rendered":"Tilta EVF Extension Bracket"},"content":{"rendered":"<p>Ce prolongateur de viseur vous permet de monter le viseur BMPCC 6K Pro plus loin du bo\u00eetier de la cam\u00e9ra, ce qui permet une plus grande flexibilit\u00e9 lors de l&#8217;utilisation.<\/p>\n<p>L&#8217;extension utilise le rail NATO sur le c\u00f4t\u00e9 gauche de la cage de la cam\u00e9ra compl\u00e8te pour la BMPCC 6K Pro. Il peut ensuite \u00eatre fix\u00e9 \u00e0 l&#8217;aide d&#8217;un filetage \u00bc&#8221;-20.<\/p>\n<p>L&#8217;Extender peut ensuite \u00eatre ajust\u00e9 \u00e0 diff\u00e9rentes longueurs et dispose de plusieurs axes de rotation qui permettent une vari\u00e9t\u00e9 d&#8217;options de positionnement.<\/p>\n<p>Cette fonction est extr\u00eamement utile pour les prises de vue en ext\u00e9rieur dans des environnements lumineux, ou pour l&#8217;utilisation d&#8217;un syst\u00e8me de <a href=\"https:\/\/de.tilta.com\/shop\/15mm-dovetail-shoulder-mount-system-tt0506-a15\/\">montage \u00e0 l&#8217;\u00e9paule<\/a> comme notre <a href=\"https:\/\/de.tilta.com\/shop\/15mm-dovetail-shoulder-mount-system-tt0506-a15\/\">syst\u00e8me de montage \u00e0 l&#8217;\u00e9paule Dovetail<\/a>.<\/p>\n<p><strong>REMARQUE : le c\u00e2ble d&#8217;extension du viseur n&#8217;est pas inclus.<\/strong><\/p>\n","protected":false},"excerpt":{"rendered":"<p>Ce prolongateur de viseur vous permet de monter le viseur BMPCC 6K Pro plus loin du bo\u00eetier de la cam\u00e9ra, ce qui permet une plus grande flexibilit\u00e9 lors de l&#8217;utilisation. L&#8217;extension utilise le rail NATO sur le c\u00f4t\u00e9 gauche de [&hellip;]<\/p>\n","protected":false},"featured_media":0,"comment_status":"closed","ping_status":"closed","template":"","meta":[],"product_cat":[1713],"product_tag":[],"acf":[],"gallery_images":[],"_links":{"self":[{"href":"https:\/\/eu.tilta.com\/fr\/wp-json\/wp\/v2\/product\/1994687"}],"collection":[{"href":"https:\/\/eu.tilta.com\/fr\/wp-json\/wp\/v2\/product"}],"about":[{"href":"https:\/\/eu.tilta.com\/fr\/wp-json\/wp\/v2\/types\/product"}],"replies":[{"embeddable":true,"href":"https:\/\/eu.tilta.com\/fr\/wp-json\/wp\/v2\/comments?post=1994687"}],"wp:attachment":[{"href":"https:\/\/eu.tilta.com\/fr\/wp-json\/wp\/v2\/media?parent=1994687"}],"wp:term":[{"taxonomy":"product_cat","embeddable":true,"href":"https:\/\/eu.tilta.com\/fr\/wp-json\/wp\/v2\/product_cat?post=1994687"},{"taxonomy":"product_tag","embeddable":true,"href":"https:\/\/eu.tilta.com\/fr\/wp-json\/wp\/v2\/product_tag?post=1994687"}],"curies":[{"name":"wp","href":"https:\/\/api.w.org\/{rel}","templated":true}]}}