{"id":1994688,"date":"2021-06-02T12:08:47","date_gmt":"2021-06-02T10:08:47","guid":{"rendered":"https:\/\/de.tilta.com\/shop\/tilta-15mm-lws-baseplate-type-vi\/"},"modified":"2026-03-31T10:37:48","modified_gmt":"2026-03-31T08:37:48","slug":"tiltaing-15mm-lws-baseplate-type-vi","status":"publish","type":"product","link":"https:\/\/eu.tilta.com\/fr\/shop\/tiltaing-15mm-lws-baseplate-type-vi\/","title":{"rendered":"Tilta 15mm LWS Baseplate Type VI"},"content":{"rendered":"<p>Cette plaque de base LWS de 15 mm ajoute un support de tige de 15 mm et vous permet de monter des accessoires \u00e0 tige tels que des <a href=\"https:\/\/de.tilta.com\/product-category\/matte-boxes\/\">matte boxes<\/a> et des <a href=\"https:\/\/de.tilta.com\/product-category\/lens-control-systems\/\">syst\u00e8mes de follow focus<\/a>.<\/p>\n<p>Les rosettes doubles vous permettent de monter facilement des accessoires ARRI bas\u00e9s sur la rosette, tels que nos <a href=\"https:\/\/de.tilta.com\/product-category\/handles\/side-handles\/\">poign\u00e9es lat\u00e9rales de<\/a> type II\/V ou nos <a href=\"https:\/\/de.tilta.com\/shop\/professional-handgrips-side-arms-pair\/\">bras d&#8217;extension de rosette<\/a>, pour une utilisation plus confortable \u00e0 l&#8217;\u00e9paule.<\/p>\n<p>Cette plaque de base comprend un espace r\u00e9serv\u00e9 \u00e0 la fixation du nouveau bo\u00eetier SSD Tilta M2, qui simplifie et s\u00e9curise l&#8217;enregistrement sur un disque SSD externe.<\/p>\n<p>La partie inf\u00e9rieure de la plaque de base se connecte nativement \u00e0 nos <a href=\"https:\/\/de.tilta.com\/shop\/10-lightweight-dovetail-plate-tt-c16\/\">queues d&#8217;aronde standard Tilta<\/a> ou \u00e0 nos queues d&#8217;aronde standard ARRI par l&#8217;interm\u00e9diaire de notre <a href=\"https:\/\/de.tilta.com\/shop\/19mm-tilta-studio-multi-functional-baseplate-tt-c06-d\/\">plaque de base multifonctionnelle Tilta Standard vers Arri Standard<\/a>.<\/p>\n<p>Cette plaque de base peut \u00e9galement \u00eatre mont\u00e9e sur des plaques de fixation rapide tierces via des filetages 1\/4\u2033-20 et 3\/8\u2033-16.<\/p>\n","protected":false},"excerpt":{"rendered":"<p>Cette plaque de base LWS de 15 mm ajoute un support de tige de 15 mm et vous permet de monter des accessoires \u00e0 tige tels que des matte boxes et des syst\u00e8mes de follow focus. Les rosettes doubles vous [&hellip;]<\/p>\n","protected":false},"featured_media":0,"comment_status":"closed","ping_status":"closed","template":"","meta":[],"product_cat":[1811,1713,2022],"product_tag":[],"acf":[],"gallery_images":[1800149,1800150,1800173],"_links":{"self":[{"href":"https:\/\/eu.tilta.com\/fr\/wp-json\/wp\/v2\/product\/1994688"}],"collection":[{"href":"https:\/\/eu.tilta.com\/fr\/wp-json\/wp\/v2\/product"}],"about":[{"href":"https:\/\/eu.tilta.com\/fr\/wp-json\/wp\/v2\/types\/product"}],"replies":[{"embeddable":true,"href":"https:\/\/eu.tilta.com\/fr\/wp-json\/wp\/v2\/comments?post=1994688"}],"wp:attachment":[{"href":"https:\/\/eu.tilta.com\/fr\/wp-json\/wp\/v2\/media?parent=1994688"}],"wp:term":[{"taxonomy":"product_cat","embeddable":true,"href":"https:\/\/eu.tilta.com\/fr\/wp-json\/wp\/v2\/product_cat?post=1994688"},{"taxonomy":"product_tag","embeddable":true,"href":"https:\/\/eu.tilta.com\/fr\/wp-json\/wp\/v2\/product_tag?post=1994688"}],"curies":[{"name":"wp","href":"https:\/\/api.w.org\/{rel}","templated":true}]}}