{"id":1994808,"date":"2021-06-02T12:35:43","date_gmt":"2021-06-02T10:35:43","guid":{"rendered":"https:\/\/de.tilta.com\/shop\/support-de-tige-15mm-pour-bmpcc-6k-pro-g2\/"},"modified":"2026-02-16T09:02:50","modified_gmt":"2026-02-16T08:02:50","slug":"15mm-rod-holder-for-bmpcc-6k-pro","status":"publish","type":"product","link":"https:\/\/eu.tilta.com\/fr\/shop\/15mm-rod-holder-for-bmpcc-6k-pro\/","title":{"rendered":"Support de tige 15mm pour BMPCC 6K Pro\/G2"},"content":{"rendered":"<p>Ce support de canne \u00e0 p\u00eache de 15 mm peut \u00eatre install\u00e9 pour soutenir les cannes \u00e0 p\u00eache de 15 mm lors de l&#8217;utilisation de la poign\u00e9e de batterie dans la configuration de la demi-cage gr\u00e2ce \u00e0 la plaque inf\u00e9rieure \u00e9tendue.<\/p>\n<p>Cela vous permet de monter des accessoires \u00e0 tige \u00e0 l&#8217;avant du bo\u00eetier de l&#8217;appareil photo, tels que des <a href=\"https:\/\/de.tilta.com\/product-category\/matte-boxes\/\">bo\u00eetes \u00e0 mats, des<\/a> <a href=\"https:\/\/de.tilta.com\/product-category\/lens-control-systems\/\">syst\u00e8mes de suivi de la mise au point <\/a>ou des <a href=\"https:\/\/de.tilta.com\/product-category\/accessories\/lens-supports\/\">supports d&#8217;objectif<\/a>.<\/p>\n<p>Ce support de canne \u00e0 p\u00eache se fixe au support d&#8217;extension de la demi-cage \u00e0 l&#8217;aide d&#8217;une vis 1\/4&#8243;-20 et de goupilles de positionnement, ce qui assure une connexion s\u00fbre tout en emp\u00eachant toute rotation ind\u00e9sirable.<\/p>\n","protected":false},"excerpt":{"rendered":"<p>Ce support de canne \u00e0 p\u00eache de 15 mm peut \u00eatre install\u00e9 pour soutenir les cannes \u00e0 p\u00eache de 15 mm lors de l&#8217;utilisation de la poign\u00e9e de batterie dans la configuration de la demi-cage gr\u00e2ce \u00e0 la plaque inf\u00e9rieure [&hellip;]<\/p>\n","protected":false},"featured_media":0,"comment_status":"closed","ping_status":"closed","template":"","meta":[],"product_cat":[4448,1811,1713,2418],"product_tag":[],"acf":[],"gallery_images":[1800058],"_links":{"self":[{"href":"https:\/\/eu.tilta.com\/fr\/wp-json\/wp\/v2\/product\/1994808"}],"collection":[{"href":"https:\/\/eu.tilta.com\/fr\/wp-json\/wp\/v2\/product"}],"about":[{"href":"https:\/\/eu.tilta.com\/fr\/wp-json\/wp\/v2\/types\/product"}],"replies":[{"embeddable":true,"href":"https:\/\/eu.tilta.com\/fr\/wp-json\/wp\/v2\/comments?post=1994808"}],"wp:attachment":[{"href":"https:\/\/eu.tilta.com\/fr\/wp-json\/wp\/v2\/media?parent=1994808"}],"wp:term":[{"taxonomy":"product_cat","embeddable":true,"href":"https:\/\/eu.tilta.com\/fr\/wp-json\/wp\/v2\/product_cat?post=1994808"},{"taxonomy":"product_tag","embeddable":true,"href":"https:\/\/eu.tilta.com\/fr\/wp-json\/wp\/v2\/product_tag?post=1994808"}],"curies":[{"name":"wp","href":"https:\/\/api.w.org\/{rel}","templated":true}]}}