{"id":1994872,"date":"2021-05-28T14:27:01","date_gmt":"2021-05-28T12:27:01","guid":{"rendered":"https:\/\/de.tilta.com\/shop\/cage-de-protection-pour-sony-a1\/"},"modified":"2025-12-05T12:59:44","modified_gmt":"2025-12-05T11:59:44","slug":"full-camera-cage-for-sony-a1","status":"publish","type":"product","link":"https:\/\/eu.tilta.com\/fr\/shop\/full-camera-cage-for-sony-a1\/","title":{"rendered":"Cage de protection pour Sony a1"},"content":{"rendered":"<p>Cette cage d&#8217;appareil photo compl\u00e8te offre une protection pour le Sony a1, a7S III, a7R III, a7R IV, a7 III et vous permet de fixer diff\u00e9rents accessoires pour am\u00e9liorer la fonctionnalit\u00e9 de l&#8217;appareil photo.<\/p>\n<p>La cage compl\u00e8te comporte plusieurs filetages 3\/8\u2033-16 et 1\/4&#8243;-20 avec des goupilles de positionnement, des r\u00e9cepteurs \u00e0 sabot froid et un rail OTAN pour les poign\u00e9es lat\u00e9rales de type IV et VI.<\/p>\n<p>Il est \u00e9galement dot\u00e9 d&#8217;un raccord de rosette compatible avec ARRI et d&#8217;orifices de fixation de canne pour nos supports de canne uniques en option.<\/p>\n<p>La rosette est sp\u00e9cialement con\u00e7ue pour notre poign\u00e9e sup\u00e9rieure r\u00e9glable, ce qui permet une plus grande souplesse d&#8217;utilisation et de manipulation.<\/p>\n<p>La plaque inf\u00e9rieure est dot\u00e9e d&#8217;un filetage 1\/4\u2033-20 permettant de fixer votre appareil photo \u00e0 diverses plaques de fixation rapide et est compatible avec la plaque de base LWS de 15 mm de type II.<\/p>\n<p>Le tournevis \u00e0 fente inclus vous permet d&#8217;assembler ou de d\u00e9sassembler rapidement la cage et les divers accessoires. Il se fixe \u00e9galement au fond de la cage pour le rangement.<\/p>\n<p>La plaque de fixation rapide Manfrotto vous permet de fixer facilement le syst\u00e8me \u00e0 n&#8217;importe quel r\u00e9cepteur ou t\u00eate de tr\u00e9pied compatible Manfrotto.<\/p>\n<p>&nbsp;<\/p>\n","protected":false},"excerpt":{"rendered":"<p>Cette cage d&#8217;appareil photo compl\u00e8te offre une protection pour le Sony a1, a7S III, a7R III, a7R IV, a7 III et vous permet de fixer diff\u00e9rents accessoires pour am\u00e9liorer la fonctionnalit\u00e9 de l&#8217;appareil photo. La cage compl\u00e8te comporte plusieurs filetages [&hellip;]<\/p>\n","protected":false},"featured_media":0,"comment_status":"closed","ping_status":"closed","template":"","meta":[],"product_cat":[1710],"product_tag":[],"acf":[],"gallery_images":[1466881,1466884],"_links":{"self":[{"href":"https:\/\/eu.tilta.com\/fr\/wp-json\/wp\/v2\/product\/1994872"}],"collection":[{"href":"https:\/\/eu.tilta.com\/fr\/wp-json\/wp\/v2\/product"}],"about":[{"href":"https:\/\/eu.tilta.com\/fr\/wp-json\/wp\/v2\/types\/product"}],"replies":[{"embeddable":true,"href":"https:\/\/eu.tilta.com\/fr\/wp-json\/wp\/v2\/comments?post=1994872"}],"wp:attachment":[{"href":"https:\/\/eu.tilta.com\/fr\/wp-json\/wp\/v2\/media?parent=1994872"}],"wp:term":[{"taxonomy":"product_cat","embeddable":true,"href":"https:\/\/eu.tilta.com\/fr\/wp-json\/wp\/v2\/product_cat?post=1994872"},{"taxonomy":"product_tag","embeddable":true,"href":"https:\/\/eu.tilta.com\/fr\/wp-json\/wp\/v2\/product_tag?post=1994872"}],"curies":[{"name":"wp","href":"https:\/\/api.w.org\/{rel}","templated":true}]}}