{"id":1994942,"date":"2021-04-29T12:13:17","date_gmt":"2021-04-29T10:13:17","guid":{"rendered":"https:\/\/de.tilta.com\/shop\/tilta-15mm-lws-baseplate-type-iv\/"},"modified":"2025-12-05T13:00:31","modified_gmt":"2025-12-05T12:00:31","slug":"tiltaing-15mm-lws-baseplate-type-iv","status":"publish","type":"product","link":"https:\/\/eu.tilta.com\/fr\/shop\/tiltaing-15mm-lws-baseplate-type-iv\/","title":{"rendered":"Tilta 15mm LWS Baseplate Type IV"},"content":{"rendered":"<p>Cette plaque de base LWS de 15 mm se fixe \u00e0 la base de la cage de la cam\u00e9ra compl\u00e8te pour RED Komodo, Sony FX3, Canon R5C et Panasonic BGH1.<\/p>\n<p>Cela vous permet de monter des accessoires sur les tiges LWS de 15 mm, tels que des syst\u00e8mes de suivi de la mise au point ou des matte boxes.<\/p>\n<p>Un r\u00e9cepteur \u00e0 queue d&#8217;aronde Tilta sur la partie inf\u00e9rieure de la plaque de base vous permet de glisser et de verrouiller facilement votre syst\u00e8me de cam\u00e9ra sur nos queues d&#8217;aronde standard Tilta ou sur une queue d&#8217;aronde standard ARRI via notre <a href=\"https:\/\/de.tilta.com\/shop\/19mm-tilta-studio-multi-functional-baseplate-tt-c06-d\/\">plaque de base multifonctionnelle Tilta Standard vers Arri Standard<\/a>.<\/p>\n<p>Les filetages 1\/4\u2032\u2032-20 et 3\/8\u2032\u2032-16 sur le fond supportent presque toutes les plaques de fixation rapide.<\/p>\n","protected":false},"excerpt":{"rendered":"<p>Cette plaque de base LWS de 15 mm se fixe \u00e0 la base de la cage de la cam\u00e9ra compl\u00e8te pour RED Komodo, Sony FX3, Canon R5C et Panasonic BGH1. Cela vous permet de monter des accessoires sur les tiges [&hellip;]<\/p>\n","protected":false},"featured_media":0,"comment_status":"closed","ping_status":"closed","template":"","meta":[],"product_cat":[1732,1739,1718,1710,1703,2022],"product_tag":[],"acf":[],"gallery_images":[1459972,1459973],"_links":{"self":[{"href":"https:\/\/eu.tilta.com\/fr\/wp-json\/wp\/v2\/product\/1994942"}],"collection":[{"href":"https:\/\/eu.tilta.com\/fr\/wp-json\/wp\/v2\/product"}],"about":[{"href":"https:\/\/eu.tilta.com\/fr\/wp-json\/wp\/v2\/types\/product"}],"replies":[{"embeddable":true,"href":"https:\/\/eu.tilta.com\/fr\/wp-json\/wp\/v2\/comments?post=1994942"}],"wp:attachment":[{"href":"https:\/\/eu.tilta.com\/fr\/wp-json\/wp\/v2\/media?parent=1994942"}],"wp:term":[{"taxonomy":"product_cat","embeddable":true,"href":"https:\/\/eu.tilta.com\/fr\/wp-json\/wp\/v2\/product_cat?post=1994942"},{"taxonomy":"product_tag","embeddable":true,"href":"https:\/\/eu.tilta.com\/fr\/wp-json\/wp\/v2\/product_tag?post=1994942"}],"curies":[{"name":"wp","href":"https:\/\/api.w.org\/{rel}","templated":true}]}}