{"id":1994979,"date":"2021-04-06T11:31:29","date_gmt":"2021-04-06T09:31:29","guid":{"rendered":"https:\/\/de.tilta.com\/shop\/tilta-pocket-v-mount-battery-plate-kit-i\/"},"modified":"2025-12-05T13:00:02","modified_gmt":"2025-12-05T12:00:02","slug":"tiltaing-pocket-v-mount-battery-plate-kit-i","status":"publish","type":"product","link":"https:\/\/eu.tilta.com\/fr\/shop\/tiltaing-pocket-v-mount-battery-plate-kit-i\/","title":{"rendered":"Tilta Pocket V-Mount Battery Plate Kit I"},"content":{"rendered":"<p>Cette plaque de batterie V-Mount est une solution extr\u00eamement l\u00e9g\u00e8re pour monter des batteries V-Mount de taille normale ou micro sur votre syst\u00e8me d&#8217;appareil photo sans ajouter le poids suppl\u00e9mentaire traditionnellement associ\u00e9 aux plaques de batterie plus grandes.<\/p>\n<p>La Mini V-Mount Battery Plate est donc une option parfaite pour alimenter des accessoires via des batteries V-Mount de plus grande capacit\u00e9, tout en restant suffisamment l\u00e9g\u00e8re pour ne pas d\u00e9passer la limite de poids de la plupart des cardans.<\/p>\n<p>La conception compacte de cette plaque en fait \u00e9galement un excellent choix lorsque vous devez monter une batterie V-Mount sur un bo\u00eetier d&#8217;appareil photo plus petit sans ajouter d&#8217;encombrement inutile.<\/p>\n<p>La taille de cette plaque est \u00e0 peine plus grande que la connexion V-Lock d&#8217;une batterie V-Mount, ce qui fait de cette solution de montage l&#8217;une des options les plus l\u00e9g\u00e8res et les plus compactes dont disposent les utilisateurs pour monter une batterie V-Mount.<\/p>\n<p>L&#8217;adaptateur de tige LWS 15mm inclus vous permet de monter votre Mini et\/ou Pocket V-Mount Battery Plate sur n&#8217;importe quelle tige LWS 15mm, ce qui vous permet d&#8217;attacher confortablement une batterie V-mount \u00e0 votre installation.<\/p>\n<p>Nous proposons \u00e9galement en option un adaptateur pour anneau de cardan qui vous permet de fixer cette plaque sur n&#8217;importe quel anneau de cardan de 25 mm ou 30 mm.<\/p>\n<p>** Remarque : il s&#8217;agit uniquement d&#8217;une solution de montage pour une batterie V-Mount &#8211; aucun port d&#8217;alimentation n&#8217;est inclus sur la plaque elle-m\u00eame.<\/p>\n","protected":false},"excerpt":{"rendered":"<p>Cette plaque de batterie V-Mount est une solution extr\u00eamement l\u00e9g\u00e8re pour monter des batteries V-Mount de taille normale ou micro sur votre syst\u00e8me d&#8217;appareil photo sans ajouter le poids suppl\u00e9mentaire traditionnellement associ\u00e9 aux plaques de batterie plus grandes. La Mini [&hellip;]<\/p>\n","protected":false},"featured_media":0,"comment_status":"closed","ping_status":"closed","template":"","meta":[],"product_cat":[2359,2254],"product_tag":[],"acf":[],"gallery_images":[1172392,1172394],"_links":{"self":[{"href":"https:\/\/eu.tilta.com\/fr\/wp-json\/wp\/v2\/product\/1994979"}],"collection":[{"href":"https:\/\/eu.tilta.com\/fr\/wp-json\/wp\/v2\/product"}],"about":[{"href":"https:\/\/eu.tilta.com\/fr\/wp-json\/wp\/v2\/types\/product"}],"replies":[{"embeddable":true,"href":"https:\/\/eu.tilta.com\/fr\/wp-json\/wp\/v2\/comments?post=1994979"}],"wp:attachment":[{"href":"https:\/\/eu.tilta.com\/fr\/wp-json\/wp\/v2\/media?parent=1994979"}],"wp:term":[{"taxonomy":"product_cat","embeddable":true,"href":"https:\/\/eu.tilta.com\/fr\/wp-json\/wp\/v2\/product_cat?post=1994979"},{"taxonomy":"product_tag","embeddable":true,"href":"https:\/\/eu.tilta.com\/fr\/wp-json\/wp\/v2\/product_tag?post=1994979"}],"curies":[{"name":"wp","href":"https:\/\/api.w.org\/{rel}","templated":true}]}}