{"id":1994996,"date":"2021-03-29T14:40:19","date_gmt":"2021-03-29T12:40:19","guid":{"rendered":"https:\/\/de.tilta.com\/shop\/tilta-sony-a7c-kit-a\/"},"modified":"2025-12-05T13:00:06","modified_gmt":"2025-12-05T12:00:06","slug":"tiltaing-sony-a7c-kit-a","status":"publish","type":"product","link":"https:\/\/eu.tilta.com\/fr\/shop\/tiltaing-sony-a7c-kit-a\/","title":{"rendered":"Tilta Sony a7C Kit A"},"content":{"rendered":"<p><span style=\"font-weight: 400\">Cette cage d&#8217;appareil photo offre une protection compl\u00e8te pour l&#8217;appareil photo Sony a7C.  <\/span><\/p>\n<p><span style=\"font-weight: 400\">Il comporte plusieurs points de montage 1\/4&#8243;-20, deux points de montage de patins \u00e0 froid ainsi qu&#8217;un port de fixation de canne \u00e0 p\u00eache qui supporte nos porte-cannes \u00e0 p\u00eache simples.  <\/span><\/p>\n<p><span style=\"font-weight: 400\">Cela vous permet de fixer facilement une tige de 15 mm \u00e0 votre cage.  <\/span><\/p>\n<p><span style=\"font-weight: 400\">La base de la cage fournit \u00e9galement plusieurs points de fixation pour attacher votre cam\u00e9ra \u00e0 des cardans afin d&#8217;ajuster plus facilement l&#8217;\u00e9quilibre de votre installation.<\/span><\/p>\n<p><span style=\"font-weight: 400\">Diff\u00e9rentes plaques de base peuvent \u00eatre fix\u00e9es au fond de la cage par des filets \u00bc&#8221;-20, ce qui permet de monter diff\u00e9rentes tiges et de configurer l&#8217;alimentation \u00e9lectrique en option.  <\/span><\/p>\n<p><span style=\"font-weight: 400\">La cage est \u00e9galement compatible avec notre plaque de base LWS de 15 mm et la plaque de fixation rapide Manfrotto incluse vous permet de monter facilement cette cage sur n&#8217;importe quel r\u00e9cepteur Manfrotto.  <\/span><\/p>\n<p><span style=\"font-weight: 400\">La poign\u00e9e sup\u00e9rieure \u00e0 d\u00e9gagement rapide incluse et diverses poign\u00e9es lat\u00e9rales optionnelles peuvent \u00eatre fix\u00e9es \u00e0 la cage pour vous permettre d&#8217;utiliser confortablement votre appareil photo.<\/span><\/p>\n","protected":false},"excerpt":{"rendered":"<p>Cette cage d&#8217;appareil photo offre une protection compl\u00e8te pour l&#8217;appareil photo Sony a7C. Il comporte plusieurs points de montage 1\/4&#8243;-20, deux points de montage de patins \u00e0 froid ainsi qu&#8217;un port de fixation de canne \u00e0 p\u00eache qui supporte nos [&hellip;]<\/p>\n","protected":false},"featured_media":0,"comment_status":"closed","ping_status":"closed","template":"","meta":[],"product_cat":[1700,1701],"product_tag":[],"acf":[],"gallery_images":[1118045,1118046],"_links":{"self":[{"href":"https:\/\/eu.tilta.com\/fr\/wp-json\/wp\/v2\/product\/1994996"}],"collection":[{"href":"https:\/\/eu.tilta.com\/fr\/wp-json\/wp\/v2\/product"}],"about":[{"href":"https:\/\/eu.tilta.com\/fr\/wp-json\/wp\/v2\/types\/product"}],"replies":[{"embeddable":true,"href":"https:\/\/eu.tilta.com\/fr\/wp-json\/wp\/v2\/comments?post=1994996"}],"wp:attachment":[{"href":"https:\/\/eu.tilta.com\/fr\/wp-json\/wp\/v2\/media?parent=1994996"}],"wp:term":[{"taxonomy":"product_cat","embeddable":true,"href":"https:\/\/eu.tilta.com\/fr\/wp-json\/wp\/v2\/product_cat?post=1994996"},{"taxonomy":"product_tag","embeddable":true,"href":"https:\/\/eu.tilta.com\/fr\/wp-json\/wp\/v2\/product_tag?post=1994996"}],"curies":[{"name":"wp","href":"https:\/\/api.w.org\/{rel}","templated":true}]}}