{"id":1995003,"date":"2021-03-29T14:29:27","date_gmt":"2021-03-29T12:29:27","guid":{"rendered":"https:\/\/de.tilta.com\/shop\/full-camera-cage-for-sony-a7c\/"},"modified":"2025-12-05T13:00:07","modified_gmt":"2025-12-05T12:00:07","slug":"full-camera-cage-for-sony-a7c","status":"publish","type":"product","link":"https:\/\/eu.tilta.com\/fr\/shop\/full-camera-cage-for-sony-a7c\/","title":{"rendered":"Full Camera Cage for Sony a7C"},"content":{"rendered":"<p><span style=\"font-weight: 400\">Cette cage d&#8217;appareil photo &#8220;compl\u00e8te&#8221; offre une protection totale pour l&#8217;appareil photo Sony a7C.  <\/span><\/p>\n<p><span style=\"font-weight: 400\">Il comporte plusieurs points de montage 1\/4&#8243;-20, deux points de montage de patins \u00e0 froid ainsi qu&#8217;un port de fixation de canne \u00e0 p\u00eache qui supporte nos porte-cannes \u00e0 p\u00eache simples.  <\/span><\/p>\n<p><span style=\"font-weight: 400\">Cela vous permet de fixer facilement une tige de 15 mm \u00e0 votre cage.  <\/span><\/p>\n<p><span style=\"font-weight: 400\">La base de la cage fournit \u00e9galement plusieurs points de fixation pour attacher votre cam\u00e9ra \u00e0 des cardans afin d&#8217;ajuster plus facilement l&#8217;\u00e9quilibre de votre installation.<\/span><\/p>\n<p><span style=\"font-weight: 400\">Diff\u00e9rentes plaques de base peuvent \u00eatre fix\u00e9es au fond de la cage par des filets \u00bc&#8221;-20, ce qui permet de monter diff\u00e9rentes tiges et de configurer l&#8217;alimentation \u00e9lectrique en option.  <\/span><\/p>\n<p><span style=\"font-weight: 400\">La cage est \u00e9galement compatible avec notre plaque de base LWS de 15 mm et la plaque de fixation rapide Manfrotto incluse vous permet de monter facilement cette cage sur n&#8217;importe quel r\u00e9cepteur Manfrotto.  <\/span><\/p>\n<p><span style=\"font-weight: 400\">La poign\u00e9e sup\u00e9rieure \u00e0 d\u00e9gagement rapide (en option) et diverses autres poign\u00e9es lat\u00e9rales peuvent \u00eatre fix\u00e9es \u00e0 la cage afin d&#8217;offrir de nombreuses options pour utiliser confortablement votre appareil photo.  <\/span><\/p>\n","protected":false},"excerpt":{"rendered":"<p>Cette cage d&#8217;appareil photo &#8220;compl\u00e8te&#8221; offre une protection totale pour l&#8217;appareil photo Sony a7C. Il comporte plusieurs points de montage 1\/4&#8243;-20, deux points de montage de patins \u00e0 froid ainsi qu&#8217;un port de fixation de canne \u00e0 p\u00eache qui supporte [&hellip;]<\/p>\n","protected":false},"featured_media":0,"comment_status":"closed","ping_status":"closed","template":"","meta":[],"product_cat":[1700,1701],"product_tag":[],"acf":[],"gallery_images":[1117873,1117874],"_links":{"self":[{"href":"https:\/\/eu.tilta.com\/fr\/wp-json\/wp\/v2\/product\/1995003"}],"collection":[{"href":"https:\/\/eu.tilta.com\/fr\/wp-json\/wp\/v2\/product"}],"about":[{"href":"https:\/\/eu.tilta.com\/fr\/wp-json\/wp\/v2\/types\/product"}],"replies":[{"embeddable":true,"href":"https:\/\/eu.tilta.com\/fr\/wp-json\/wp\/v2\/comments?post=1995003"}],"wp:attachment":[{"href":"https:\/\/eu.tilta.com\/fr\/wp-json\/wp\/v2\/media?parent=1995003"}],"wp:term":[{"taxonomy":"product_cat","embeddable":true,"href":"https:\/\/eu.tilta.com\/fr\/wp-json\/wp\/v2\/product_cat?post=1995003"},{"taxonomy":"product_tag","embeddable":true,"href":"https:\/\/eu.tilta.com\/fr\/wp-json\/wp\/v2\/product_tag?post=1995003"}],"curies":[{"name":"wp","href":"https:\/\/api.w.org\/{rel}","templated":true}]}}