{"id":1995006,"date":"2021-03-22T16:17:18","date_gmt":"2021-03-22T15:17:18","guid":{"rendered":"https:\/\/de.tilta.com\/shop\/support-de-montage-video-sans-fil-pour-sony-fx6\/"},"modified":"2025-12-05T13:00:20","modified_gmt":"2025-12-05T12:00:20","slug":"wireless-video-mounting-bracket-for-sony-fx6","status":"publish","type":"product","link":"https:\/\/eu.tilta.com\/fr\/shop\/wireless-video-mounting-bracket-for-sony-fx6\/","title":{"rendered":"Support de montage vid\u00e9o sans fil pour Sony FX6"},"content":{"rendered":"<p>Ce support de montage vid\u00e9o sans fil vous permet de monter divers \u00e9metteurs vid\u00e9o sans fil gr\u00e2ce \u00e0 un support filet\u00e9 1\/4\u2033-20 \u00e0 90 degr\u00e9s.<\/p>\n<p>Cela permet un montage propre et pratique des \u00e9metteurs vid\u00e9o sans fil et d&#8217;autres accessoires similaires.<\/p>\n","protected":false},"excerpt":{"rendered":"<p>Ce support de montage vid\u00e9o sans fil vous permet de monter divers \u00e9metteurs vid\u00e9o sans fil gr\u00e2ce \u00e0 un support filet\u00e9 1\/4\u2033-20 \u00e0 90 degr\u00e9s. Cela permet un montage propre et pratique des \u00e9metteurs vid\u00e9o sans fil et d&#8217;autres accessoires [&hellip;]<\/p>\n","protected":false},"featured_media":0,"comment_status":"closed","ping_status":"closed","template":"","meta":[],"product_cat":[3233,1882,1697,2087,2076],"product_tag":[],"acf":[],"gallery_images":[1058522,1058523],"_links":{"self":[{"href":"https:\/\/eu.tilta.com\/fr\/wp-json\/wp\/v2\/product\/1995006"}],"collection":[{"href":"https:\/\/eu.tilta.com\/fr\/wp-json\/wp\/v2\/product"}],"about":[{"href":"https:\/\/eu.tilta.com\/fr\/wp-json\/wp\/v2\/types\/product"}],"replies":[{"embeddable":true,"href":"https:\/\/eu.tilta.com\/fr\/wp-json\/wp\/v2\/comments?post=1995006"}],"wp:attachment":[{"href":"https:\/\/eu.tilta.com\/fr\/wp-json\/wp\/v2\/media?parent=1995006"}],"wp:term":[{"taxonomy":"product_cat","embeddable":true,"href":"https:\/\/eu.tilta.com\/fr\/wp-json\/wp\/v2\/product_cat?post=1995006"},{"taxonomy":"product_tag","embeddable":true,"href":"https:\/\/eu.tilta.com\/fr\/wp-json\/wp\/v2\/product_tag?post=1995006"}],"curies":[{"name":"wp","href":"https:\/\/api.w.org\/{rel}","templated":true}]}}