{"id":1995011,"date":"2021-03-24T16:46:01","date_gmt":"2021-03-24T15:46:01","guid":{"rendered":"https:\/\/de.tilta.com\/shop\/module-recepteur-de-telecommande-pour-dji-ronin\/"},"modified":"2025-12-05T13:00:23","modified_gmt":"2025-12-05T12:00:23","slug":"remote-control-receiver-module-for-rs-2","status":"publish","type":"product","link":"https:\/\/eu.tilta.com\/fr\/shop\/remote-control-receiver-module-for-rs-2\/","title":{"rendered":"Module r\u00e9cepteur de t\u00e9l\u00e9commande pour DJI Ronin"},"content":{"rendered":"<div class=\"overview-text\">\n<p>Ce module r\u00e9cepteur de t\u00e9l\u00e9commande pour DJI Ronin s&#8217;associe au kit de t\u00e9l\u00e9commande et \u00e0 d&#8217;autres contr\u00f4leurs tels que le contr\u00f4leur de flotteur et la poign\u00e9e de t\u00e9l\u00e9commande.<\/p>\n<p>Cela vous permet de contr\u00f4ler le cardan, l&#8217;appareil photo et le moteur de commande d&#8217;objectif sans fil DJI via une connexion c\u00e2bl\u00e9e ou sans fil.<\/p>\n<p>Compatible avec les DJI RS2, RS3 Pro, RS4\/4 Pro.<\/p>\n<\/div>\n","protected":false},"excerpt":{"rendered":"<p>Ce module r\u00e9cepteur de t\u00e9l\u00e9commande pour DJI Ronin s&#8217;associe au kit de t\u00e9l\u00e9commande et \u00e0 d&#8217;autres contr\u00f4leurs tels que le contr\u00f4leur de flotteur et la poign\u00e9e de t\u00e9l\u00e9commande. Cela vous permet de contr\u00f4ler le cardan, l&#8217;appareil photo et le moteur [&hellip;]<\/p>\n","protected":false},"featured_media":0,"comment_status":"closed","ping_status":"closed","template":"","meta":[],"product_cat":[2314,2363,2290,1894,2249],"product_tag":[],"acf":[],"gallery_images":[1102764,1102765,1102766],"_links":{"self":[{"href":"https:\/\/eu.tilta.com\/fr\/wp-json\/wp\/v2\/product\/1995011"}],"collection":[{"href":"https:\/\/eu.tilta.com\/fr\/wp-json\/wp\/v2\/product"}],"about":[{"href":"https:\/\/eu.tilta.com\/fr\/wp-json\/wp\/v2\/types\/product"}],"replies":[{"embeddable":true,"href":"https:\/\/eu.tilta.com\/fr\/wp-json\/wp\/v2\/comments?post=1995011"}],"wp:attachment":[{"href":"https:\/\/eu.tilta.com\/fr\/wp-json\/wp\/v2\/media?parent=1995011"}],"wp:term":[{"taxonomy":"product_cat","embeddable":true,"href":"https:\/\/eu.tilta.com\/fr\/wp-json\/wp\/v2\/product_cat?post=1995011"},{"taxonomy":"product_tag","embeddable":true,"href":"https:\/\/eu.tilta.com\/fr\/wp-json\/wp\/v2\/product_tag?post=1995011"}],"curies":[{"name":"wp","href":"https:\/\/api.w.org\/{rel}","templated":true}]}}