{"id":1995012,"date":"2021-03-22T16:09:42","date_gmt":"2021-03-22T15:09:42","guid":{"rendered":"https:\/\/de.tilta.com\/shop\/poignee-superieure-reglable-pour-sony-fx6-fx3\/"},"modified":"2025-12-17T17:16:20","modified_gmt":"2025-12-17T16:16:20","slug":"adjustable-top-handle-for-sony-fx6","status":"publish","type":"product","link":"https:\/\/eu.tilta.com\/fr\/shop\/adjustable-top-handle-for-sony-fx6\/","title":{"rendered":"Poign\u00e9e sup\u00e9rieure r\u00e9glable pour Sony FX6\/FX3"},"content":{"rendered":"<p>Cette poign\u00e9e sup\u00e9rieure r\u00e9glable peut pivoter de 180 degr\u00e9s pour r\u00e9pondre \u00e0 vos besoins en mati\u00e8re de prise de vue verticale.<\/p>\n<p>La poign\u00e9e est r\u00e9glable vers l&#8217;avant et vers l&#8217;arri\u00e8re dans les deux positions pour vous aider \u00e0 trouver le centre de gravit\u00e9 de votre appareil photo, quelle que soit l&#8217;orientation dans laquelle vous photographiez.<\/p>\n<p>Compatible avec la cage d&#8217;appareil photo pour Sony FX6, FX3 et FX30.<\/p>\n","protected":false},"excerpt":{"rendered":"<p>Cette poign\u00e9e sup\u00e9rieure r\u00e9glable peut pivoter de 180 degr\u00e9s pour r\u00e9pondre \u00e0 vos besoins en mati\u00e8re de prise de vue verticale. La poign\u00e9e est r\u00e9glable vers l&#8217;avant et vers l&#8217;arri\u00e8re dans les deux positions pour vous aider \u00e0 trouver le [&hellip;]<\/p>\n","protected":false},"featured_media":0,"comment_status":"closed","ping_status":"closed","template":"","meta":[],"product_cat":[1703,1697,2173],"product_tag":[],"acf":[],"gallery_images":[1058479],"_links":{"self":[{"href":"https:\/\/eu.tilta.com\/fr\/wp-json\/wp\/v2\/product\/1995012"}],"collection":[{"href":"https:\/\/eu.tilta.com\/fr\/wp-json\/wp\/v2\/product"}],"about":[{"href":"https:\/\/eu.tilta.com\/fr\/wp-json\/wp\/v2\/types\/product"}],"replies":[{"embeddable":true,"href":"https:\/\/eu.tilta.com\/fr\/wp-json\/wp\/v2\/comments?post=1995012"}],"wp:attachment":[{"href":"https:\/\/eu.tilta.com\/fr\/wp-json\/wp\/v2\/media?parent=1995012"}],"wp:term":[{"taxonomy":"product_cat","embeddable":true,"href":"https:\/\/eu.tilta.com\/fr\/wp-json\/wp\/v2\/product_cat?post=1995012"},{"taxonomy":"product_tag","embeddable":true,"href":"https:\/\/eu.tilta.com\/fr\/wp-json\/wp\/v2\/product_tag?post=1995012"}],"curies":[{"name":"wp","href":"https:\/\/api.w.org\/{rel}","templated":true}]}}