{"id":1995015,"date":"2021-03-22T16:03:04","date_gmt":"2021-03-22T15:03:04","guid":{"rendered":"https:\/\/de.tilta.com\/shop\/poignee-superieure-pour-sony-fx6\/"},"modified":"2025-12-05T13:00:25","modified_gmt":"2025-12-05T12:00:25","slug":"top-handle-for-sony-fx6","status":"publish","type":"product","link":"https:\/\/eu.tilta.com\/fr\/shop\/top-handle-for-sony-fx6\/","title":{"rendered":"Poign\u00e9e sup\u00e9rieure pour Sony FX6"},"content":{"rendered":"<p>Cette poign\u00e9e sup\u00e9rieure pour Sony FX6 remplace la poign\u00e9e sup\u00e9rieure d&#8217;origine du Fx6 et peut \u00eatre ajust\u00e9e vers l&#8217;avant et vers l&#8217;arri\u00e8re pour l&#8217;\u00e9quilibre. Cette poign\u00e9e comprend \u00e9galement un support d&#8217;\u00e9cran pour le support d&#8217;\u00e9cran LCD du FX6 et un support de tige de 15 mm pour un EVF.<\/p>\n","protected":false},"excerpt":{"rendered":"<p>Cette poign\u00e9e sup\u00e9rieure pour Sony FX6 remplace la poign\u00e9e sup\u00e9rieure d&#8217;origine du Fx6 et peut \u00eatre ajust\u00e9e vers l&#8217;avant et vers l&#8217;arri\u00e8re pour l&#8217;\u00e9quilibre. Cette poign\u00e9e comprend \u00e9galement un support d&#8217;\u00e9cran pour le support d&#8217;\u00e9cran LCD du FX6 et un [&hellip;]<\/p>\n","protected":false},"featured_media":0,"comment_status":"closed","ping_status":"closed","template":"","meta":[],"product_cat":[1697],"product_tag":[],"acf":[],"gallery_images":[1058427],"_links":{"self":[{"href":"https:\/\/eu.tilta.com\/fr\/wp-json\/wp\/v2\/product\/1995015"}],"collection":[{"href":"https:\/\/eu.tilta.com\/fr\/wp-json\/wp\/v2\/product"}],"about":[{"href":"https:\/\/eu.tilta.com\/fr\/wp-json\/wp\/v2\/types\/product"}],"replies":[{"embeddable":true,"href":"https:\/\/eu.tilta.com\/fr\/wp-json\/wp\/v2\/comments?post=1995015"}],"wp:attachment":[{"href":"https:\/\/eu.tilta.com\/fr\/wp-json\/wp\/v2\/media?parent=1995015"}],"wp:term":[{"taxonomy":"product_cat","embeddable":true,"href":"https:\/\/eu.tilta.com\/fr\/wp-json\/wp\/v2\/product_cat?post=1995015"},{"taxonomy":"product_tag","embeddable":true,"href":"https:\/\/eu.tilta.com\/fr\/wp-json\/wp\/v2\/product_tag?post=1995015"}],"curies":[{"name":"wp","href":"https:\/\/api.w.org\/{rel}","templated":true}]}}