{"id":1995017,"date":"2021-03-22T15:37:34","date_gmt":"2021-03-22T14:37:34","guid":{"rendered":"https:\/\/de.tilta.com\/shop\/plaque-superieure-multifonctionnelle-pour-sony-fx6\/"},"modified":"2026-05-07T15:21:24","modified_gmt":"2026-05-07T13:21:24","slug":"multi-functional-top-plate-for-sony-fx6","status":"publish","type":"product","link":"https:\/\/eu.tilta.com\/fr\/shop\/multi-functional-top-plate-for-sony-fx6\/","title":{"rendered":"Plaque sup\u00e9rieure multifonctionnelle pour Sony FX6"},"content":{"rendered":"<p>Cette plaque sup\u00e9rieure s&#8217;adapte parfaitement \u00e0 la poign\u00e9e sup\u00e9rieure d&#8217;origine du FX6 et supporte notre poign\u00e9e sup\u00e9rieure optionnelle pour FX6.<\/p>\n<p>Cette plaque sup\u00e9rieure comprend \u00e9galement deux adaptateurs de tige LWS de 15 mm qui vous permettent de monter facilement des accessoires par le haut, devant ou derri\u00e8re le bo\u00eetier de votre appareil photo.<\/p>\n","protected":false},"excerpt":{"rendered":"<p>Cette plaque sup\u00e9rieure s&#8217;adapte parfaitement \u00e0 la poign\u00e9e sup\u00e9rieure d&#8217;origine du FX6 et supporte notre poign\u00e9e sup\u00e9rieure optionnelle pour FX6. Cette plaque sup\u00e9rieure comprend \u00e9galement deux adaptateurs de tige LWS de 15 mm qui vous permettent de monter facilement des [&hellip;]<\/p>\n","protected":false},"featured_media":0,"comment_status":"closed","ping_status":"closed","template":"","meta":[],"product_cat":[1697],"product_tag":[],"acf":[],"gallery_images":[1058272,1058276],"_links":{"self":[{"href":"https:\/\/eu.tilta.com\/fr\/wp-json\/wp\/v2\/product\/1995017"}],"collection":[{"href":"https:\/\/eu.tilta.com\/fr\/wp-json\/wp\/v2\/product"}],"about":[{"href":"https:\/\/eu.tilta.com\/fr\/wp-json\/wp\/v2\/types\/product"}],"replies":[{"embeddable":true,"href":"https:\/\/eu.tilta.com\/fr\/wp-json\/wp\/v2\/comments?post=1995017"}],"wp:attachment":[{"href":"https:\/\/eu.tilta.com\/fr\/wp-json\/wp\/v2\/media?parent=1995017"}],"wp:term":[{"taxonomy":"product_cat","embeddable":true,"href":"https:\/\/eu.tilta.com\/fr\/wp-json\/wp\/v2\/product_cat?post=1995017"},{"taxonomy":"product_tag","embeddable":true,"href":"https:\/\/eu.tilta.com\/fr\/wp-json\/wp\/v2\/product_tag?post=1995017"}],"curies":[{"name":"wp","href":"https:\/\/api.w.org\/{rel}","templated":true}]}}