{"id":1995020,"date":"2021-03-22T15:43:46","date_gmt":"2021-03-22T14:43:46","guid":{"rendered":"https:\/\/de.tilta.com\/shop\/plaque-de-base-a-degagement-rapide-pour-sony-fx6\/"},"modified":"2025-12-05T13:00:27","modified_gmt":"2025-12-05T12:00:27","slug":"quick-release-baseplate-for-sony-fx6","status":"publish","type":"product","link":"https:\/\/eu.tilta.com\/fr\/shop\/quick-release-baseplate-for-sony-fx6\/","title":{"rendered":"Plaque de base \u00e0 d\u00e9gagement rapide pour Sony FX6"},"content":{"rendered":"<p>Cette plaque de base pour Sony FX6 vous permet \u00e9galement de fixer divers accessoires via des tiges LWS de 15 mm \u00e0 l&#8217;avant ou \u00e0 l&#8217;arri\u00e8re de la plaque de base.<\/p>\n<p>Les rosettes Arri doubles permettent de monter des accessoires suppl\u00e9mentaires tels que des bras ou des poign\u00e9es pour la prise de vue \u00e0 main lev\u00e9e.<\/p>\n<p>La plaque de base se connecte nativement \u00e0 nos queues d&#8217;aronde Tilta Standard et peut \u00eatre adapt\u00e9e \u00e0 Arri Standard gr\u00e2ce \u00e0 notre plaque de base multifonctionnelle Tilta Standard vers Arri Standard.<\/p>\n<p>Un support d&#8217;adaptateur d&#8217;objectif int\u00e9gr\u00e9 est \u00e9galement inclus sur la face avant de la plaque.<\/p>\n<p><strong>AVERTISSEMENT : Il peut \u00eatre n\u00e9cessaire de retirer la rosette de la plaque de base pour d\u00e9gager l&#8217;espace n\u00e9cessaire \u00e0 l&#8217;installation de la poign\u00e9e lat\u00e9rale Sony FX6.  <\/strong><\/p>\n<p><strong>Soyez prudent lorsque vous tournez la poign\u00e9e afin de ne pas la rayer contre la cage et retirez le support de rosette si n\u00e9cessaire.  <\/strong><\/p>\n","protected":false},"excerpt":{"rendered":"<p>Cette plaque de base pour Sony FX6 vous permet \u00e9galement de fixer divers accessoires via des tiges LWS de 15 mm \u00e0 l&#8217;avant ou \u00e0 l&#8217;arri\u00e8re de la plaque de base. Les rosettes Arri doubles permettent de monter des accessoires [&hellip;]<\/p>\n","protected":false},"featured_media":0,"comment_status":"closed","ping_status":"closed","template":"","meta":[],"product_cat":[1697,2022],"product_tag":[],"acf":[],"gallery_images":[1058290,1939424,1058292],"_links":{"self":[{"href":"https:\/\/eu.tilta.com\/fr\/wp-json\/wp\/v2\/product\/1995020"}],"collection":[{"href":"https:\/\/eu.tilta.com\/fr\/wp-json\/wp\/v2\/product"}],"about":[{"href":"https:\/\/eu.tilta.com\/fr\/wp-json\/wp\/v2\/types\/product"}],"replies":[{"embeddable":true,"href":"https:\/\/eu.tilta.com\/fr\/wp-json\/wp\/v2\/comments?post=1995020"}],"wp:attachment":[{"href":"https:\/\/eu.tilta.com\/fr\/wp-json\/wp\/v2\/media?parent=1995020"}],"wp:term":[{"taxonomy":"product_cat","embeddable":true,"href":"https:\/\/eu.tilta.com\/fr\/wp-json\/wp\/v2\/product_cat?post=1995020"},{"taxonomy":"product_tag","embeddable":true,"href":"https:\/\/eu.tilta.com\/fr\/wp-json\/wp\/v2\/product_tag?post=1995020"}],"curies":[{"name":"wp","href":"https:\/\/api.w.org\/{rel}","templated":true}]}}