{"id":1995023,"date":"2021-03-22T15:54:04","date_gmt":"2021-03-22T14:54:04","guid":{"rendered":"https:\/\/de.tilta.com\/shop\/support-de-tige-simple-15mm-pour-sony-fx6-paire\/"},"modified":"2025-12-05T13:00:29","modified_gmt":"2025-12-05T12:00:29","slug":"15mm-single-rod-holder-for-sony-fx6-pair","status":"publish","type":"product","link":"https:\/\/eu.tilta.com\/fr\/shop\/15mm-single-rod-holder-for-sony-fx6-pair\/","title":{"rendered":"Support de tige simple 15mm pour Sony FX6 (paire)"},"content":{"rendered":"<p>Cette paire de supports \u00e0 tige unique de 15 mm se monte sur la plaque sup\u00e9rieure multifonctionnelle pour Sony FX6 et vous permet de monter des accessoires par le haut, devant ou derri\u00e8re le bo\u00eetier de votre appareil photo.<\/p>\n","protected":false},"excerpt":{"rendered":"<p>Cette paire de supports \u00e0 tige unique de 15 mm se monte sur la plaque sup\u00e9rieure multifonctionnelle pour Sony FX6 et vous permet de monter des accessoires par le haut, devant ou derri\u00e8re le bo\u00eetier de votre appareil photo.<\/p>\n","protected":false},"featured_media":0,"comment_status":"closed","ping_status":"closed","template":"","meta":[],"product_cat":[1697],"product_tag":[],"acf":[],"gallery_images":[1058360],"_links":{"self":[{"href":"https:\/\/eu.tilta.com\/fr\/wp-json\/wp\/v2\/product\/1995023"}],"collection":[{"href":"https:\/\/eu.tilta.com\/fr\/wp-json\/wp\/v2\/product"}],"about":[{"href":"https:\/\/eu.tilta.com\/fr\/wp-json\/wp\/v2\/types\/product"}],"replies":[{"embeddable":true,"href":"https:\/\/eu.tilta.com\/fr\/wp-json\/wp\/v2\/comments?post=1995023"}],"wp:attachment":[{"href":"https:\/\/eu.tilta.com\/fr\/wp-json\/wp\/v2\/media?parent=1995023"}],"wp:term":[{"taxonomy":"product_cat","embeddable":true,"href":"https:\/\/eu.tilta.com\/fr\/wp-json\/wp\/v2\/product_cat?post=1995023"},{"taxonomy":"product_tag","embeddable":true,"href":"https:\/\/eu.tilta.com\/fr\/wp-json\/wp\/v2\/product_tag?post=1995023"}],"curies":[{"name":"wp","href":"https:\/\/api.w.org\/{rel}","templated":true}]}}