{"id":1995027,"date":"2021-03-22T15:24:42","date_gmt":"2021-03-22T14:24:42","guid":{"rendered":"https:\/\/de.tilta.com\/shop\/plaque-de-batterie-pour-sony-fx6\/"},"modified":"2026-04-02T12:39:10","modified_gmt":"2026-04-02T10:39:10","slug":"battery-plate-for-sony-fx6","status":"publish","type":"product","link":"https:\/\/eu.tilta.com\/fr\/shop\/battery-plate-for-sony-fx6\/","title":{"rendered":"Plaque de batterie pour Sony FX6"},"content":{"rendered":"<p><span style=\"font-weight: 400\">Cette plaque de batterie se monte et se verrouille rapidement dans le logement de la batterie du Sony FX6 et peut \u00eatre s\u00e9curis\u00e9e par une connexion \u00e0 la plaque sup\u00e9rieure multifonctionnelle.<\/span><\/p>\n<p><span style=\"font-weight: 400\">Cela vous permet d&#8217;utiliser des batteries Gold ou V-Mount de plus grande capacit\u00e9 pour alimenter votre appareil photo, r\u00e9duisant ainsi au minimum les \u00e9changes de batteries.<\/span><\/p>\n<p><span style=\"font-weight: 400\">*Veuillez noter que la plaque de batterie doit \u00eatre connect\u00e9e via le port CC du FX6 pour fournir de l&#8217;\u00e9nergie.<\/span><\/p>\n","protected":false},"excerpt":{"rendered":"<p>Cette plaque de batterie se monte et se verrouille rapidement dans le logement de la batterie du Sony FX6 et peut \u00eatre s\u00e9curis\u00e9e par une connexion \u00e0 la plaque sup\u00e9rieure multifonctionnelle. Cela vous permet d&#8217;utiliser des batteries Gold ou V-Mount [&hellip;]<\/p>\n","protected":false},"featured_media":0,"comment_status":"closed","ping_status":"closed","template":"","meta":[],"product_cat":[1697,2036],"product_tag":[],"acf":[],"gallery_images":[2250215,2250221,2250209],"_links":{"self":[{"href":"https:\/\/eu.tilta.com\/fr\/wp-json\/wp\/v2\/product\/1995027"}],"collection":[{"href":"https:\/\/eu.tilta.com\/fr\/wp-json\/wp\/v2\/product"}],"about":[{"href":"https:\/\/eu.tilta.com\/fr\/wp-json\/wp\/v2\/types\/product"}],"replies":[{"embeddable":true,"href":"https:\/\/eu.tilta.com\/fr\/wp-json\/wp\/v2\/comments?post=1995027"}],"wp:attachment":[{"href":"https:\/\/eu.tilta.com\/fr\/wp-json\/wp\/v2\/media?parent=1995027"}],"wp:term":[{"taxonomy":"product_cat","embeddable":true,"href":"https:\/\/eu.tilta.com\/fr\/wp-json\/wp\/v2\/product_cat?post=1995027"},{"taxonomy":"product_tag","embeddable":true,"href":"https:\/\/eu.tilta.com\/fr\/wp-json\/wp\/v2\/product_tag?post=1995027"}],"curies":[{"name":"wp","href":"https:\/\/api.w.org\/{rel}","templated":true}]}}