{"id":1995047,"date":"2021-03-22T15:08:38","date_gmt":"2021-03-22T14:08:38","guid":{"rendered":"https:\/\/de.tilta.com\/shop\/plaque-de-batterie-pour-sony-fx6-type-ii\/"},"modified":"2026-01-08T14:44:38","modified_gmt":"2026-01-08T13:44:38","slug":"battery-plate-for-sony-fx6-type-ii","status":"publish","type":"product","link":"https:\/\/eu.tilta.com\/fr\/shop\/battery-plate-for-sony-fx6-type-ii\/","title":{"rendered":"Plaque de batterie pour Sony FX6 Type II"},"content":{"rendered":"<p>Cette plaque de batterie peut \u00eatre mont\u00e9e sur la plaque sup\u00e9rieure multifonctionnelle \u00e0 l&#8217;aide des tiges de 15 mm qui y sont attach\u00e9es.<\/p>\n<p>Cela vous permet d&#8217;utiliser des batteries Gold ou V-Mount de plus grande capacit\u00e9 pour alimenter votre appareil photo, r\u00e9duisant ainsi au minimum les \u00e9changes de batteries.<\/p>\n<p>Cette plaque de batterie vous permet \u00e9galement d&#8217;ajuster sa position pour mieux \u00e9quilibrer l&#8217;appareil photo sur votre \u00e9paule.<\/p>\n<p>*Veuillez noter que la plaque de batterie doit \u00eatre connect\u00e9e via le port CC du FX6 pour fournir de l&#8217;\u00e9nergie.<\/p>\n","protected":false},"excerpt":{"rendered":"<p>Cette plaque de batterie peut \u00eatre mont\u00e9e sur la plaque sup\u00e9rieure multifonctionnelle \u00e0 l&#8217;aide des tiges de 15 mm qui y sont attach\u00e9es. Cela vous permet d&#8217;utiliser des batteries Gold ou V-Mount de plus grande capacit\u00e9 pour alimenter votre appareil [&hellip;]<\/p>\n","protected":false},"featured_media":0,"comment_status":"closed","ping_status":"closed","template":"","meta":[],"product_cat":[1697,2036],"product_tag":[],"acf":[],"gallery_images":[1058126,1058129,1058135],"_links":{"self":[{"href":"https:\/\/eu.tilta.com\/fr\/wp-json\/wp\/v2\/product\/1995047"}],"collection":[{"href":"https:\/\/eu.tilta.com\/fr\/wp-json\/wp\/v2\/product"}],"about":[{"href":"https:\/\/eu.tilta.com\/fr\/wp-json\/wp\/v2\/types\/product"}],"replies":[{"embeddable":true,"href":"https:\/\/eu.tilta.com\/fr\/wp-json\/wp\/v2\/comments?post=1995047"}],"wp:attachment":[{"href":"https:\/\/eu.tilta.com\/fr\/wp-json\/wp\/v2\/media?parent=1995047"}],"wp:term":[{"taxonomy":"product_cat","embeddable":true,"href":"https:\/\/eu.tilta.com\/fr\/wp-json\/wp\/v2\/product_cat?post=1995047"},{"taxonomy":"product_tag","embeddable":true,"href":"https:\/\/eu.tilta.com\/fr\/wp-json\/wp\/v2\/product_tag?post=1995047"}],"curies":[{"name":"wp","href":"https:\/\/api.w.org\/{rel}","templated":true}]}}