{"id":1995063,"date":"2021-03-19T10:13:42","date_gmt":"2021-03-19T09:13:42","guid":{"rendered":"https:\/\/de.tilta.com\/shop\/cage-de-protection-pour-sony-fx6-basic-kit-sans-plaque-de-batterie\/"},"modified":"2025-12-05T13:01:26","modified_gmt":"2025-12-05T12:01:26","slug":"camera-cage-for-sony-fx6-basic-kit-without-battery-plate","status":"publish","type":"product","link":"https:\/\/eu.tilta.com\/fr\/shop\/camera-cage-for-sony-fx6-basic-kit-without-battery-plate\/","title":{"rendered":"Cage de protection pour Sony FX6 Basic Kit (sans plaque de batterie)"},"content":{"rendered":"<p>Armez votre appareil photo avec la cage Tilta pour Sony FX6 Basic Kit.<\/p>\n<p>La plaque sup\u00e9rieure multifonctionnelle pour le Sony FX6 s&#8217;adapte parfaitement \u00e0 la poign\u00e9e sup\u00e9rieure d&#8217;origine du FX6 et supporte notre poign\u00e9e sup\u00e9rieure optionnelle pour le FX6, qui peut \u00eatre ajust\u00e9e pour l&#8217;\u00e9quilibre et comprend un support de moniteur pour le support de moniteur LCD du FX6.<\/p>\n<p>La plaque sup\u00e9rieure comprend \u00e9galement deux adaptateurs de tige LWS de 15 mm qui vous permettent de monter facilement des accessoires via des tiges de 15 mm au-dessus de votre objectif.<\/p>\n<p>La plaque de base \u00e0 d\u00e9gagement rapide pour Sony FX6 vous permet \u00e9galement de fixer divers accessoires via des tiges LWS de 15 mm \u00e0 l&#8217;avant ou \u00e0 l&#8217;arri\u00e8re de la plaque de base.<\/p>\n<p>Les rosettes Arri doubles permettent de monter des accessoires suppl\u00e9mentaires tels que des bras ou des poign\u00e9es pour la prise de vue \u00e0 main lev\u00e9e.<\/p>\n<p>La plaque de base se connecte nativement \u00e0 nos queues d&#8217;aronde Tilta Standard et peut \u00eatre adapt\u00e9e \u00e0 Arri Standard gr\u00e2ce \u00e0 notre plaque de base multifonctionnelle Tilta Standard vers Arri Standard.<\/p>\n<p>Un support d&#8217;adaptateur d&#8217;objectif int\u00e9gr\u00e9 est \u00e9galement inclus sur la face avant de la plaque.<\/p>\n<p>Le bras lat\u00e9ral pour Sony FX6 offre encore plus de protection et fournit plusieurs points de montage 1\/4\u2033-20 et 3\/8\u2033-16 avec des filetages pour diverses goupilles de positionnement pour vous permettre de monter une vari\u00e9t\u00e9 d&#8217;accessoires.<\/p>\n<p>Le bras lat\u00e9ral comprend \u00e9galement un espace r\u00e9serv\u00e9 pour 3 autocollants d&#8217;index de cam\u00e9ra r\u00e9utilisables pour un \u00e9tiquetage professionnel et clair de la position de votre cam\u00e9ra dans les environnements multi-cam\u00e9ras.<\/p>\n<p><strong>AVERTISSEMENT : Il peut \u00eatre n\u00e9cessaire de retirer la rosette de la plaque de base pour d\u00e9gager l&#8217;espace n\u00e9cessaire \u00e0 l&#8217;installation de la poign\u00e9e lat\u00e9rale Sony FX6.  <\/strong><\/p>\n<p><strong>Soyez prudent lorsque vous tournez la poign\u00e9e afin de ne pas la rayer contre la cage et retirez le support de rosette si n\u00e9cessaire.  <\/strong><\/p>\n","protected":false},"excerpt":{"rendered":"<p>Armez votre appareil photo avec la cage Tilta pour Sony FX6 Basic Kit. La plaque sup\u00e9rieure multifonctionnelle pour le Sony FX6 s&#8217;adapte parfaitement \u00e0 la poign\u00e9e sup\u00e9rieure d&#8217;origine du FX6 et supporte notre poign\u00e9e sup\u00e9rieure optionnelle pour le FX6, qui [&hellip;]<\/p>\n","protected":false},"featured_media":0,"comment_status":"closed","ping_status":"closed","template":"","meta":[],"product_cat":[1697],"product_tag":[],"acf":[],"gallery_images":[1047750,1047755],"_links":{"self":[{"href":"https:\/\/eu.tilta.com\/fr\/wp-json\/wp\/v2\/product\/1995063"}],"collection":[{"href":"https:\/\/eu.tilta.com\/fr\/wp-json\/wp\/v2\/product"}],"about":[{"href":"https:\/\/eu.tilta.com\/fr\/wp-json\/wp\/v2\/types\/product"}],"replies":[{"embeddable":true,"href":"https:\/\/eu.tilta.com\/fr\/wp-json\/wp\/v2\/comments?post=1995063"}],"wp:attachment":[{"href":"https:\/\/eu.tilta.com\/fr\/wp-json\/wp\/v2\/media?parent=1995063"}],"wp:term":[{"taxonomy":"product_cat","embeddable":true,"href":"https:\/\/eu.tilta.com\/fr\/wp-json\/wp\/v2\/product_cat?post=1995063"},{"taxonomy":"product_tag","embeddable":true,"href":"https:\/\/eu.tilta.com\/fr\/wp-json\/wp\/v2\/product_tag?post=1995063"}],"curies":[{"name":"wp","href":"https:\/\/api.w.org\/{rel}","templated":true}]}}