{"id":1995064,"date":"2021-02-11T10:58:38","date_gmt":"2021-02-11T09:58:38","guid":{"rendered":"https:\/\/de.tilta.com\/shop\/tilta-advanced-side-handle-attachment-type-v\/"},"modified":"2026-03-24T00:40:43","modified_gmt":"2026-03-23T23:40:43","slug":"tiltaing-advanced-side-handle-attachment-type-v","status":"publish","type":"product","link":"https:\/\/eu.tilta.com\/fr\/shop\/tiltaing-advanced-side-handle-attachment-type-v\/","title":{"rendered":"Tilta Advanced Side Handle Attachment Type V"},"content":{"rendered":"<p>Cette fixation de poign\u00e9e lat\u00e9rale vous permet d&#8217;ajuster l&#8217;angle et la longueur de votre poign\u00e9e lat\u00e9rale avanc\u00e9e ou de votre poign\u00e9e en bois inclinable pour un confort d&#8217;utilisation maximal.<\/p>\n<p>Il est dot\u00e9 d&#8217;une rosette Tilta qui peut \u00eatre mont\u00e9e directement sur un grand nombre de nos cages Tiltaing ou sur toute autre rosette.<\/p>\n<p class=\"p1\"><b>REMARQUE : Cette poign\u00e9e est \u00e9quip\u00e9e d&#8217;une rosette standard Tilta qui est compatible avec certaines rosettes ARRI, mais pas toutes.<\/b><\/p>\n","protected":false},"excerpt":{"rendered":"<p>Cette fixation de poign\u00e9e lat\u00e9rale vous permet d&#8217;ajuster l&#8217;angle et la longueur de votre poign\u00e9e lat\u00e9rale avanc\u00e9e ou de votre poign\u00e9e en bois inclinable pour un confort d&#8217;utilisation maximal. Il est dot\u00e9 d&#8217;une rosette Tilta qui peut \u00eatre mont\u00e9e directement [&hellip;]<\/p>\n","protected":false},"featured_media":0,"comment_status":"closed","ping_status":"closed","template":"","meta":[],"product_cat":[2190,2418],"product_tag":[],"acf":[],"gallery_images":[892248,892251,892254],"_links":{"self":[{"href":"https:\/\/eu.tilta.com\/fr\/wp-json\/wp\/v2\/product\/1995064"}],"collection":[{"href":"https:\/\/eu.tilta.com\/fr\/wp-json\/wp\/v2\/product"}],"about":[{"href":"https:\/\/eu.tilta.com\/fr\/wp-json\/wp\/v2\/types\/product"}],"replies":[{"embeddable":true,"href":"https:\/\/eu.tilta.com\/fr\/wp-json\/wp\/v2\/comments?post=1995064"}],"wp:attachment":[{"href":"https:\/\/eu.tilta.com\/fr\/wp-json\/wp\/v2\/media?parent=1995064"}],"wp:term":[{"taxonomy":"product_cat","embeddable":true,"href":"https:\/\/eu.tilta.com\/fr\/wp-json\/wp\/v2\/product_cat?post=1995064"},{"taxonomy":"product_tag","embeddable":true,"href":"https:\/\/eu.tilta.com\/fr\/wp-json\/wp\/v2\/product_tag?post=1995064"}],"curies":[{"name":"wp","href":"https:\/\/api.w.org\/{rel}","templated":true}]}}