{"id":1995081,"date":"2021-02-19T14:16:32","date_gmt":"2021-02-19T13:16:32","guid":{"rendered":"https:\/\/de.tilta.com\/shop\/tilta-float-system-v-mount-battery-plate\/"},"modified":"2025-12-05T13:02:10","modified_gmt":"2025-12-05T12:02:10","slug":"tilta-float-system-v-mount-battery-plate","status":"publish","type":"product","link":"https:\/\/eu.tilta.com\/fr\/shop\/tilta-float-system-v-mount-battery-plate\/","title":{"rendered":"Tilta Float System V Mount Battery Plate"},"content":{"rendered":"<p>Cette plaque de batterie en V se fixe \u00e0 la base du poteau du syst\u00e8me Tilta Float pour fournir de l&#8217;\u00e9nergie \u00e0 votre installation de gimbal. Deux plaques de batterie \u00e0 montage en V peuvent \u00eatre fix\u00e9es \u00e0 la plaque (une de chaque c\u00f4t\u00e9) et celle-ci se fixe au poteau au moyen d&#8217;une connexion tr\u00e8s simple au rail NATO.<\/p>\n<p>*La plaque elle-m\u00eame n&#8217;a pas de puissance de sortie.<\/p>\n<p>&nbsp;<\/p>\n","protected":false},"excerpt":{"rendered":"<p>Cette plaque de batterie en V se fixe \u00e0 la base du poteau du syst\u00e8me Tilta Float pour fournir de l&#8217;\u00e9nergie \u00e0 votre installation de gimbal. Deux plaques de batterie \u00e0 montage en V peuvent \u00eatre fix\u00e9es \u00e0 la plaque [&hellip;]<\/p>\n","protected":false},"featured_media":0,"comment_status":"closed","ping_status":"closed","template":"","meta":[],"product_cat":[2314,2316],"product_tag":[],"acf":[],"gallery_images":[1909304],"_links":{"self":[{"href":"https:\/\/eu.tilta.com\/fr\/wp-json\/wp\/v2\/product\/1995081"}],"collection":[{"href":"https:\/\/eu.tilta.com\/fr\/wp-json\/wp\/v2\/product"}],"about":[{"href":"https:\/\/eu.tilta.com\/fr\/wp-json\/wp\/v2\/types\/product"}],"replies":[{"embeddable":true,"href":"https:\/\/eu.tilta.com\/fr\/wp-json\/wp\/v2\/comments?post=1995081"}],"wp:attachment":[{"href":"https:\/\/eu.tilta.com\/fr\/wp-json\/wp\/v2\/media?parent=1995081"}],"wp:term":[{"taxonomy":"product_cat","embeddable":true,"href":"https:\/\/eu.tilta.com\/fr\/wp-json\/wp\/v2\/product_cat?post=1995081"},{"taxonomy":"product_tag","embeddable":true,"href":"https:\/\/eu.tilta.com\/fr\/wp-json\/wp\/v2\/product_tag?post=1995081"}],"curies":[{"name":"wp","href":"https:\/\/api.w.org\/{rel}","templated":true}]}}