{"id":1995089,"date":"2021-02-11T10:58:04","date_gmt":"2021-02-11T09:58:04","guid":{"rendered":"https:\/\/de.tilta.com\/shop\/tilta-advanced-side-handle-attachment-type-vi\/"},"modified":"2026-02-16T09:02:50","modified_gmt":"2026-02-16T08:02:50","slug":"tiltaing-advanced-side-handle-attachment-type-vi","status":"publish","type":"product","link":"https:\/\/eu.tilta.com\/fr\/shop\/tiltaing-advanced-side-handle-attachment-type-vi\/","title":{"rendered":"Tilta Advanced Side Handle Attachment Type VI"},"content":{"rendered":"<p>Cette fixation vous permet d&#8217;adapter n&#8217;importe quelle poign\u00e9e lat\u00e9rale Tiltaing Advanced pour l&#8217;utiliser sur les cages de cam\u00e9ra Tiltaing pour RED Komodo, Sony a7SIII, Panasonic S5 et Panasonic BGH1.<\/p>\n<p>Ce type de connexion unique au rail OTAN vous permet de glisser et de verrouiller votre poign\u00e9e sur les panneaux lat\u00e9raux de votre cage \u00e0 cam\u00e9ra.<\/p>\n<p>Cela permet de cr\u00e9er une connexion extr\u00eamement solide qui peut \u00eatre retir\u00e9e rapidement en cas de besoin.<\/p>\n<p>Cette connexion vous permet de monter votre poign\u00e9e plus loin du bo\u00eetier de votre appareil photo que le Type IV.<\/p>\n","protected":false},"excerpt":{"rendered":"<p>Cette fixation vous permet d&#8217;adapter n&#8217;importe quelle poign\u00e9e lat\u00e9rale Tiltaing Advanced pour l&#8217;utiliser sur les cages de cam\u00e9ra Tiltaing pour RED Komodo, Sony a7SIII, Panasonic S5 et Panasonic BGH1. Ce type de connexion unique au rail OTAN vous permet de [&hellip;]<\/p>\n","protected":false},"featured_media":0,"comment_status":"closed","ping_status":"closed","template":"","meta":[],"product_cat":[4448,2190,2418],"product_tag":[],"acf":[],"gallery_images":[892176],"_links":{"self":[{"href":"https:\/\/eu.tilta.com\/fr\/wp-json\/wp\/v2\/product\/1995089"}],"collection":[{"href":"https:\/\/eu.tilta.com\/fr\/wp-json\/wp\/v2\/product"}],"about":[{"href":"https:\/\/eu.tilta.com\/fr\/wp-json\/wp\/v2\/types\/product"}],"replies":[{"embeddable":true,"href":"https:\/\/eu.tilta.com\/fr\/wp-json\/wp\/v2\/comments?post=1995089"}],"wp:attachment":[{"href":"https:\/\/eu.tilta.com\/fr\/wp-json\/wp\/v2\/media?parent=1995089"}],"wp:term":[{"taxonomy":"product_cat","embeddable":true,"href":"https:\/\/eu.tilta.com\/fr\/wp-json\/wp\/v2\/product_cat?post=1995089"},{"taxonomy":"product_tag","embeddable":true,"href":"https:\/\/eu.tilta.com\/fr\/wp-json\/wp\/v2\/product_tag?post=1995089"}],"curies":[{"name":"wp","href":"https:\/\/api.w.org\/{rel}","templated":true}]}}